{"id":708,"date":"2021-03-21T16:05:18","date_gmt":"2021-03-21T15:05:18","guid":{"rendered":"https:\/\/locationstudiosanarysurmer.fr\/?page_id=708"},"modified":"2021-04-22T15:40:46","modified_gmt":"2021-04-22T13:40:46","slug":"livre-dor","status":"publish","type":"page","link":"https:\/\/locationstudiosanarysurmer.fr\/?page_id=708","title":{"rendered":"Livre d&#8217;or"},"content":{"rendered":"<p>[et_pb_section fb_built=&#8221;1&#8243; _builder_version=&#8221;4.9.0&#8243; _module_preset=&#8221;default&#8221; use_background_color_gradient=&#8221;on&#8221; background_color_gradient_start=&#8221;#cccccc&#8221; background_color_gradient_end=&#8221;#0eb1f2&#8243; background_color_gradient_type=&#8221;radial&#8221; top_divider_style=&#8221;curve2&#8243; top_divider_color=&#8221;#CCCCCC&#8221; bottom_divider_style=&#8221;curve2&#8243; bottom_divider_color=&#8221;#CCCCCC&#8221; border_radii=&#8221;on|20px|20px|20px|20px&#8221; border_width_all=&#8221;2px&#8221; box_shadow_style=&#8221;preset4&#8243;][et_pb_row _builder_version=&#8221;4.9.0&#8243; _module_preset=&#8221;default&#8221;][et_pb_column type=&#8221;4_4&#8243; _builder_version=&#8221;4.9.0&#8243; _module_preset=&#8221;default&#8221;][et_pb_text content_tablet=&#8221;&#8221; content_phone=&#8221;&#8221; content_last_edited=&#8221;on|phone&#8221; _builder_version=&#8221;4.9.2&#8243; _module_preset=&#8221;default&#8221; text_font=&#8221;||on||||||&#8221; text_text_color=&#8221;#8e8e8e&#8221; text_font_size=&#8221;20px&#8221; text_line_height=&#8221;1.8em&#8221; text_text_shadow_style=&#8221;preset4&#8243; text_text_shadow_color=&#8221;#CCCCCC&#8221;]<\/p>\n<p>Vous avez appr\u00e9ci\u00e9 votre s\u00e9jour ? Laissez nous un commentaire.<\/p>\n<p>[\/et_pb_text][et_pb_code _builder_version=&#8221;4.9.0&#8243; _module_preset=&#8221;default&#8221;]<div class=\"gwolle-gb\"><div class=\"gwolle_gb_messages_top_container\"><\/div>\n\t\t\t<div class=\"gwolle-gb-write-button\">\n\t\t\t\t<input type=\"button\" name=\"gwolle-gb-write-button\" class=\"button btn btn-default \" value=\"&raquo; \u00c9crire un nouveau message.\" \/>\n\t\t\t<\/div>\n\t\t\t<form action=\"#\" method=\"POST\" class=\"gwolle-gb-write gwolle-gb-hide gwolle-gb-float gwolle_gb_form_ajax gwolle-gb-form-ajax\">\n\t\t\t\t<h3>Livre d&#39;or<\/h3>\n\t\t\t\t<button type=\"button\" class=\"gb-notice-dismiss\">x<span class=\"screen-reader-text\">Masquer ce formulaire.<\/span><\/button>\n\t\t\t\n\t\t\t\t<input type=\"hidden\" name=\"gwolle_gb_function\" class=\"gwolle_gb_function\" value=\"add_entry\" \/><input type=\"hidden\" name=\"gwolle_gb_book_id\" class=\"gwolle_gb_book_id\" value=\"1\" \/><div class=\"gwolle_gb_1a2e8865816c16fc903539c0bba66a36\">\n\t\t\t\t<div class=\"label\"><label for=\"gwolle_gb_1a2e8865816c16fc903539c0bba66a36\" class=\"text-info\">Nom *<\/label><\/div>\n\t\t\t\t<div class=\"input\"><input class=\"wp-exclude-emoji gwolle_gb_1a2e8865816c16fc903539c0bba66a36\" value=\"\" type=\"text\" name=\"gwolle_gb_1a2e8865816c16fc903539c0bba66a36\" required \/><\/div>\n\t\t\t<\/div>\n\t\t\t<div class=\"clearBoth\">&nbsp;<\/div><div class=\"gwolle_gb_8fd3a6fcdef09cfb68d3502de11e99bc\">\n\t\t\t\t\t<div class=\"label\"><label for=\"gwolle_gb_8fd3a6fcdef09cfb68d3502de11e99bc\" class=\"text-info\">Ville<\/label><\/div>\n\t\t\t\t\t<div class=\"input\"><input class=\"wp-exclude-emoji gwolle_gb_8fd3a6fcdef09cfb68d3502de11e99bc\" value=\"\" type=\"text\" name=\"gwolle_gb_8fd3a6fcdef09cfb68d3502de11e99bc\" \/><\/div>\n\t\t\t\t<\/div>\n\t\t\t\t<div class=\"clearBoth\">&nbsp;<\/div>\n\t\t\t<div class=\"gwolle_gb_d32e0875f1e3f06d2108b04335d51bb8\" style=\"display:none;\">\n\t\t\t\t<div class=\"label\">\n\t\t\t\t\t<label for=\"gwolle_gb_d32e0875f1e3f06d2108b04335d51bb8\" class=\"text-primary\">Ne touchez pas \u00e0 ceci<\/label>\n\t\t\t\t\t<label for=\"gwolle_gb_e145f83874e56edc68cf56351d60ceb7\" class=\"text-primary\">Ne touchez pas \u00e0 ceci<\/label>\n\t\t\t\t<\/div>\n\t\t\t\t<div class=\"input\">\n\t\t\t\t\t<input value=\"24\" type=\"text\" name=\"gwolle_gb_d32e0875f1e3f06d2108b04335d51bb8\" class=\"gwolle_gb_d32e0875f1e3f06d2108b04335d51bb8\" \/>\n\t\t\t\t\t<input value=\"\" type=\"text\" name=\"gwolle_gb_e145f83874e56edc68cf56351d60ceb7\" class=\"gwolle_gb_e145f83874e56edc68cf56351d60ceb7\" \/>\n\t\t\t\t<\/div>\n\t\t\t<\/div>\n\t\t\t<div class=\"clearBoth\"><\/div>\n\t\t\t<div class=\"gwolle_gb_fcd91243f513d8224d1dbb1ad7998166\" style=\"display:none;\">\n\t\t\t\t<div class=\"label\">\n\t\t\t\t\t<label for=\"gwolle_gb_fcd91243f513d8224d1dbb1ad7998166\" class=\"text-primary\">Ne touchez pas \u00e0 ceci<\/label>\n\t\t\t\t\t<label for=\"gwolle_gb_0d17bc15f80dd9cd622b272f0820aec6\" class=\"text-primary\">Ne touchez pas \u00e0 ceci<\/label>\n\t\t\t\t<\/div>\n\t\t\t\t<div class=\"input\">\n\t\t\t\t\t<input value=\"72491\" type=\"text\" name=\"gwolle_gb_fcd91243f513d8224d1dbb1ad7998166\" class=\"gwolle_gb_fcd91243f513d8224d1dbb1ad7998166\" \/>\n\t\t\t\t\t<input value=\"72491\" type=\"text\" name=\"gwolle_gb_0d17bc15f80dd9cd622b272f0820aec6\" class=\"gwolle_gb_0d17bc15f80dd9cd622b272f0820aec6\" \/>\n\t\t\t\t<\/div>\n\t\t\t<\/div>\n\t\t\t<div class=\"clearBoth\"><\/div><div class=\"gwolle_gb_content\">\n\t\t\t\t<div class=\"label\"><label for=\"gwolle_gb_content\" class=\"text-info\">Message du livre d\u2019or *<\/label><\/div>\n\t\t\t\t<div class=\"input\"><textarea name=\"gwolle_gb_content\" class=\"gwolle_gb_content wp-exclude-emoji\" required ><\/textarea><\/div>\n\t\t\t\t<\/div>\n\t\t\t<div class=\"clearBoth\">&nbsp;<\/div><input type=\"hidden\" class=\"gwolle_gb_c99007ffbc2cbb6954cb2fe2ac30373f\" name=\"gwolle_gb_c99007ffbc2cbb6954cb2fe2ac30373f\" value=\"619976ceea\" \/>\n\t\t\t<div class=\"gwolle_gb_messages_bottom_container\"><\/div>\n\n\t\t\t<noscript><div class=\"no-js\">Avertissement\u00a0: Ce formulaire ne peut \u00eatre utilis\u00e9 que si JavaScript est activ\u00e9 dans votre navigateur.<\/div><\/noscript>\n\n\t\t\t<div class=\"gwolle_gb_submit\">\n\t\t\t\t<div class=\"label gwolle-gb-invisible text-muted\">&nbsp;<\/div>\n\t\t\t\t<div class=\"input\">\n\t\t\t\t\t<input type=\"submit\" name=\"gwolle_gb_submit\" class=\"gwolle_gb_submit button btn btn-primary \" value=\"Envoyer\" \/>\n\t\t\t\t\t<span class=\"gwolle_gb_submit_ajax_icon\"><\/span>\n\t\t\t\n\t\t\t\t<\/div>\n\t\t\t<\/div>\n\t\t\t<div class=\"clearBoth\">&nbsp;<\/div>\n\n\t\t\t<div class=\"gwolle_gb_notice\">\n\t\t\t\tAvez vous aim\u00e9 votre s\u00e9jour chez nous ? Laissez nous un commentaire.\n\t\t\t<\/div><\/form><div class=\"gwolle-gb-read \" data-book_id=\"1\"><div id=\"gwolle-gb-total\">3 messages.<\/div><!-- Gwolle-GB Entry: Default Template Loaded -->\n\t\t\t\t<div class=\"gb-entry gb-entry_3 gb-entry-count_1 gwolle_gb_uneven gwolle-gb-uneven gwolle_gb_first gwolle-gb-first\">\n\t\t\t\t\t<div class=\"gb-author-info\">\n\t\t\t\t\t\t<span class=\"gb-author-avatar\"><img referrerpolicy=\"no-referrer\" alt='Provost Claude' src='https:\/\/secure.gravatar.com\/avatar\/?s=32&#038;d=mm&#038;r=g' srcset='https:\/\/secure.gravatar.com\/avatar\/?s=64&#038;d=mm&#038;r=g 2x' class='avatar avatar-32 photo avatar-default' height='32' width='32' loading='lazy'\/><\/span>\n\t\t\t\t\t\t<span class=\"gb-author-name\">Provost Claude\n\t\t\t\t\t\t<\/span>\n\t\t\t\t\t\t<span class=\"gb-author-origin\"><span class=\"gb-author-origin-from-text\"> de<\/span> Andeville<\/span>\n\t\t\t\t\t\t<span class=\"gb-datetime\">\n\t\t\t\t\t\t\t<span class=\"gb-date\"> a \u00e9crit le 29 mars 2021<\/span><span class=\"gb-time\"> \u00e0 15h17<\/span>:\n\t\t\t\t\t\t<\/span> \n\t\t\t\t\t<\/div>\n\t\t\t\t\t<div class=\"gb-entry-content\">Tr\u00e8s chouette site, tr\u00e8s clair.\nLa location est un tr\u00e8s bel endroit \u00e9galement !\nBravo au webmaster !\n\t\t\t\t\t<\/div>\n\t\t\t<\/div>\n\t\t\t<div class=\"gb-entry gb-entry_2 gb-entry-count_2 gwolle_gb_even gwolle-gb-even\">\n\t\t\t\t\t<div class=\"gb-author-info\">\n\t\t\t\t\t\t<span class=\"gb-author-avatar\"><img referrerpolicy=\"no-referrer\" alt='SANDRA RUPPE' src='https:\/\/secure.gravatar.com\/avatar\/?s=32&#038;d=mm&#038;r=g' srcset='https:\/\/secure.gravatar.com\/avatar\/?s=64&#038;d=mm&#038;r=g 2x' class='avatar avatar-32 photo avatar-default' height='32' width='32' loading='lazy'\/><\/span>\n\t\t\t\t\t\t<span class=\"gb-author-name\">SANDRA RUPPE\n\t\t\t\t\t\t<\/span>\n\t\t\t\t\t\t<span class=\"gb-author-origin\"><span class=\"gb-author-origin-from-text\"> de<\/span> Andeville<\/span>\n\t\t\t\t\t\t<span class=\"gb-datetime\">\n\t\t\t\t\t\t\t<span class=\"gb-date\"> a \u00e9crit le 21 mars 2021<\/span><span class=\"gb-time\"> \u00e0 18h56<\/span>:\n\t\t\t\t\t\t<\/span> \n\t\t\t\t\t<\/div>\n\t\t\t\t\t<div class=\"gb-entry-content\">super\n\t\t\t\t\t<\/div>\n\t\t\t<\/div>\n\t\t\t<div class=\"gb-entry gb-entry_1 gb-entry-count_3 gwolle_gb_uneven gwolle-gb-uneven\">\n\t\t\t\t\t<div class=\"gb-author-info\">\n\t\t\t\t\t\t<span class=\"gb-author-avatar\"><img referrerpolicy=\"no-referrer\" alt='admin2053' src='https:\/\/secure.gravatar.com\/avatar\/3f07432ccc656620ec5d414e78dee6c3?s=32&#038;d=mm&#038;r=g' srcset='https:\/\/secure.gravatar.com\/avatar\/3f07432ccc656620ec5d414e78dee6c3?s=64&#038;d=mm&#038;r=g 2x' class='avatar avatar-32 photo' height='32' width='32' loading='lazy'\/><\/span>\n\t\t\t\t\t\t<span class=\"gb-author-name\"><i class=\"gb-moderator\">admin2053<\/i>\n\t\t\t\t\t\t<\/span>\n\t\t\t\t\t\t<span class=\"gb-author-origin\"><span class=\"gb-author-origin-from-text\"> de<\/span> ici<\/span>\n\t\t\t\t\t\t<span class=\"gb-datetime\">\n\t\t\t\t\t\t\t<span class=\"gb-date\"> a \u00e9crit le 21 mars 2021<\/span><span class=\"gb-time\"> \u00e0 16h12<\/span>:\n\t\t\t\t\t\t<\/span> \n\t\t\t\t\t<\/div>\n\t\t\t\t\t<div class=\"gb-entry-content\">test   pour lelivre d&#039;or\n\t\t\t\t\t<\/div>\n\t\t\t<\/div>\n\t\t\t<\/div><\/div>[\/et_pb_code][\/et_pb_column][\/et_pb_row][\/et_pb_section][et_pb_section fb_built=&#8221;1&#8243; _builder_version=&#8221;4.9.0&#8243; _module_preset=&#8221;default&#8221;][et_pb_row column_structure=&#8221;1_2,1_2&#8243; _builder_version=&#8221;4.9.0&#8243; _module_preset=&#8221;default&#8221; custom_padding=&#8221;|0px||0px|false|true&#8221; border_radii=&#8221;on|20px|20px|20px|20px&#8221; border_width_all=&#8221;2px&#8221; border_color_all=&#8221;#CCCCCC&#8221; box_shadow_style=&#8221;preset4&#8243; box_shadow_color=&#8221;#CCCCCC&#8221;][et_pb_column type=&#8221;1_2&#8243; _builder_version=&#8221;4.9.0&#8243; _module_preset=&#8221;default&#8221;][et_pb_text content_tablet=&#8221;&#8221; content_phone=&#8221;&#8221; content_last_edited=&#8221;on|phone&#8221; _builder_version=&#8221;4.9.2&#8243; _module_preset=&#8221;default&#8221; text_font=&#8221;Meie Script||||||||&#8221; text_font_size=&#8221;20px&#8221; text_line_height=&#8221;2.1em&#8221; width=&#8221;100%&#8221; custom_margin=&#8221;||||false|false&#8221; custom_padding=&#8221;|0px||20px|false|false&#8221; animation_style=&#8221;slide&#8221; text_text_shadow_style=&#8221;preset1&#8243;]<\/p>\n<p>Nous esp\u00e9rons que avez appr\u00e9ci\u00e9 la visite de ce site. A bient\u00f4t au Vallon du Roy &#8230;&#8230;.<br \/>Sandra &amp; G\u00e9rard<\/p>\n<p>[\/et_pb_text][\/et_pb_column][et_pb_column type=&#8221;1_2&#8243; _builder_version=&#8221;4.9.0&#8243; _module_preset=&#8221;default&#8221;][et_pb_button button_url=&#8221;@ET-DC@eyJkeW5hbWljIjp0cnVlLCJjb250ZW50IjoicG9zdF9saW5rX3VybF9wYWdlIiwic2V0dGluZ3MiOnsicG9zdF9pZCI6IjExMCJ9fQ==@&#8221; button_text=&#8221;Retour \u00e0 l&#8217;accueil&#8221; button_text_tablet=&#8221;&#8221; button_text_phone=&#8221;&#8221; button_text_last_edited=&#8221;on|phone&#8221; _builder_version=&#8221;4.9.2&#8243; _module_preset=&#8221;default&#8221; custom_button=&#8221;on&#8221; button_text_size=&#8221;21px&#8221; button_text_color=&#8221;#FFFFFF&#8221; button_bg_color=&#8221;#7f7f7f&#8221; button_border_color=&#8221;#CCCCCC&#8221; button_font=&#8221;||on||||||&#8221; custom_margin=&#8221;62px||62px|100px|true|false&#8221; custom_padding=&#8221;|50px||50px|false|true&#8221; hover_enabled=&#8221;0&#8243; button_text_shadow_style=&#8221;preset4&#8243; button_text_shadow_color=&#8221;#CCCCCC&#8221; box_shadow_style=&#8221;preset4&#8243; _dynamic_attributes=&#8221;button_url&#8221; sticky_enabled=&#8221;0&#8243;][\/et_pb_button][\/et_pb_column][\/et_pb_row][\/et_pb_section][et_pb_section fb_built=&#8221;1&#8243; _builder_version=&#8221;4.9.2&#8243; _module_preset=&#8221;default&#8221; background_color=&#8221;#3d3d3d&#8221; custom_margin=&#8221;-6px||-50px||false|false&#8221; hover_enabled=&#8221;0&#8243; sticky_enabled=&#8221;0&#8243;][et_pb_row _builder_version=&#8221;4.9.2&#8243; _module_preset=&#8221;default&#8221; column_structure=&#8221;1_3,1_3,1_3&#8243; custom_margin=&#8221;-6px||-50px||false|false&#8221; custom_padding=&#8221;0px||0px||false|false&#8221; hover_enabled=&#8221;0&#8243; sticky_enabled=&#8221;0&#8243;][et_pb_column _builder_version=&#8221;4.9.2&#8243; _module_preset=&#8221;default&#8221; type=&#8221;1_3&#8243;][et_pb_text _builder_version=&#8221;4.9.2&#8243; _module_preset=&#8221;default&#8221; link_option_url=&#8221;@ET-DC@eyJkeW5hbWljIjp0cnVlLCJjb250ZW50IjoicG9zdF9saW5rX3VybF9wYWdlIiwic2V0dGluZ3MiOnsicG9zdF9pZCI6IjkyMiJ9fQ==@&#8221; _dynamic_attributes=&#8221;link_option_url&#8221; text_font=&#8221;||on||||||&#8221; text_text_color=&#8221;#FFFFFF&#8221; text_font_size=&#8221;18px&#8221; hover_enabled=&#8221;0&#8243; sticky_enabled=&#8221;0&#8243;]<\/p>\n<p style=\"text-align: right;\">Mentions l\u00e9gales<\/p>\n<p>[\/et_pb_text][\/et_pb_column][et_pb_column _builder_version=&#8221;4.9.2&#8243; _module_preset=&#8221;default&#8221; type=&#8221;1_3&#8243;][et_pb_text _builder_version=&#8221;4.9.2&#8243; _module_preset=&#8221;default&#8221; link_option_url=&#8221;@ET-DC@eyJkeW5hbWljIjp0cnVlLCJjb250ZW50IjoicG9zdF9saW5rX3VybF9wYWdlIiwic2V0dGluZ3MiOnsicG9zdF9pZCI6IjMifX0=@&#8221; _dynamic_attributes=&#8221;link_option_url&#8221; text_font=&#8221;||on||||||&#8221; hover_enabled=&#8221;0&#8243; sticky_enabled=&#8221;0&#8243; text_text_color=&#8221;#FFFFFF&#8221; text_font_size=&#8221;18px&#8221;]<\/p>\n<p>Politique de confidentialit\u00e9<\/p>\n<p>[\/et_pb_text][\/et_pb_column][et_pb_column _builder_version=&#8221;4.9.2&#8243; _module_preset=&#8221;default&#8221; type=&#8221;1_3&#8243;][et_pb_text _builder_version=&#8221;4.9.2&#8243; _module_preset=&#8221;default&#8221; text_font=&#8221;||on||||||&#8221; text_text_color=&#8221;#FFFFFF&#8221; text_font_size=&#8221;18px&#8221; hover_enabled=&#8221;0&#8243; sticky_enabled=&#8221;0&#8243;]<\/p>\n<p>Un site construit par <a href=\"mailto:guenardwebconstruction@gmail.com\">guenardwebconstruction@gmail.com<\/a><\/p>\n<p style=\"text-align: left;\">[\/et_pb_text][\/et_pb_column][\/et_pb_row][\/et_pb_section]<\/p>\n","protected":false},"excerpt":{"rendered":"<p>[et_pb_section fb_built=&#8221;1&#8243; _builder_version=&#8221;4.9.0&#8243; _module_preset=&#8221;default&#8221; use_background_color_gradient=&#8221;on&#8221; background_color_gradient_start=&#8221;#cccccc&#8221; background_color_gradient_end=&#8221;#0eb1f2&#8243; background_color_gradient_type=&#8221;radial&#8221; top_divider_style=&#8221;curve2&#8243; top_divider_color=&#8221;#CCCCCC&#8221; bottom_divider_style=&#8221;curve2&#8243; bottom_divider_color=&#8221;#CCCCCC&#8221; border_radii=&#8221;on|20px|20px|20px|20px&#8221; border_width_all=&#8221;2px&#8221; box_shadow_style=&#8221;preset4&#8243;][et_pb_row _builder_version=&#8221;4.9.0&#8243; _module_preset=&#8221;default&#8221;][et_pb_column type=&#8221;4_4&#8243; _builder_version=&#8221;4.9.0&#8243; _module_preset=&#8221;default&#8221;][et_pb_text content_tablet=&#8221;&#8221; content_phone=&#8221;&#8221; content_last_edited=&#8221;on|phone&#8221; _builder_version=&#8221;4.9.2&#8243; _module_preset=&#8221;default&#8221; text_font=&#8221;||on||||||&#8221; text_text_color=&#8221;#8e8e8e&#8221; text_font_size=&#8221;20px&#8221; text_line_height=&#8221;1.8em&#8221; text_text_shadow_style=&#8221;preset4&#8243; text_text_shadow_color=&#8221;#CCCCCC&#8221;] Vous avez appr\u00e9ci\u00e9 votre s\u00e9jour ? Laissez nous un commentaire. [\/et_pb_text][et_pb_code _builder_version=&#8221;4.9.0&#8243; _module_preset=&#8221;default&#8221;][\/et_pb_code][\/et_pb_column][\/et_pb_row][\/et_pb_section][et_pb_section fb_built=&#8221;1&#8243; _builder_version=&#8221;4.9.0&#8243; _module_preset=&#8221;default&#8221;][et_pb_row column_structure=&#8221;1_2,1_2&#8243; _builder_version=&#8221;4.9.0&#8243; _module_preset=&#8221;default&#8221; custom_padding=&#8221;|0px||0px|false|true&#8221; border_radii=&#8221;on|20px|20px|20px|20px&#8221; border_width_all=&#8221;2px&#8221; border_color_all=&#8221;#CCCCCC&#8221; box_shadow_style=&#8221;preset4&#8243; [&hellip;]<\/p>\n","protected":false},"author":1,"featured_media":0,"parent":0,"menu_order":0,"comment_status":"closed","ping_status":"closed","template":"","meta":{"_et_pb_use_builder":"on","_et_pb_old_content":"","_et_gb_content_width":""},"yoast_head":"<!-- This site is optimized with the Yoast SEO plugin v16.0.2 - https:\/\/yoast.com\/wordpress\/plugins\/seo\/ -->\n<title>Location - Location studio Sanary Location studio Sanary<\/title>\n<link rel=\"canonical\" href=\"https:\/\/locationstudiosanarysurmer.fr\/?page_id=708\" \/>\n<meta property=\"og:locale\" content=\"fr_FR\" \/>\n<meta property=\"og:type\" content=\"article\" \/>\n<meta property=\"og:title\" content=\"Location - Location studio Sanary Location studio Sanary\" \/>\n<meta property=\"og:description\" content=\"[et_pb_section fb_built=&#8221;1&#8243; _builder_version=&#8221;4.9.0&#8243; _module_preset=&#8221;default&#8221; use_background_color_gradient=&#8221;on&#8221; background_color_gradient_start=&#8221;#cccccc&#8221; background_color_gradient_end=&#8221;#0eb1f2&#8243; background_color_gradient_type=&#8221;radial&#8221; top_divider_style=&#8221;curve2&#8243; top_divider_color=&#8221;#CCCCCC&#8221; bottom_divider_style=&#8221;curve2&#8243; bottom_divider_color=&#8221;#CCCCCC&#8221; border_radii=&#8221;on|20px|20px|20px|20px&#8221; border_width_all=&#8221;2px&#8221; box_shadow_style=&#8221;preset4&#8243;][et_pb_row _builder_version=&#8221;4.9.0&#8243; _module_preset=&#8221;default&#8221;][et_pb_column type=&#8221;4_4&#8243; _builder_version=&#8221;4.9.0&#8243; _module_preset=&#8221;default&#8221;][et_pb_text content_tablet=&#8221;&#8221; content_phone=&#8221;&#8221; content_last_edited=&#8221;on|phone&#8221; _builder_version=&#8221;4.9.2&#8243; _module_preset=&#8221;default&#8221; text_font=&#8221;||on||||||&#8221; text_text_color=&#8221;#8e8e8e&#8221; text_font_size=&#8221;20px&#8221; text_line_height=&#8221;1.8em&#8221; text_text_shadow_style=&#8221;preset4&#8243; text_text_shadow_color=&#8221;#CCCCCC&#8221;] Vous avez appr\u00e9ci\u00e9 votre s\u00e9jour ? Laissez nous un commentaire. [\/et_pb_text][et_pb_code _builder_version=&#8221;4.9.0&#8243; _module_preset=&#8221;default&#8221;][\/et_pb_code][\/et_pb_column][\/et_pb_row][\/et_pb_section][et_pb_section fb_built=&#8221;1&#8243; _builder_version=&#8221;4.9.0&#8243; _module_preset=&#8221;default&#8221;][et_pb_row column_structure=&#8221;1_2,1_2&#8243; _builder_version=&#8221;4.9.0&#8243; _module_preset=&#8221;default&#8221; custom_padding=&#8221;|0px||0px|false|true&#8221; border_radii=&#8221;on|20px|20px|20px|20px&#8221; border_width_all=&#8221;2px&#8221; border_color_all=&#8221;#CCCCCC&#8221; box_shadow_style=&#8221;preset4&#8243; [&hellip;]\" \/>\n<meta property=\"og:url\" content=\"https:\/\/locationstudiosanarysurmer.fr\/?page_id=708\" \/>\n<meta property=\"og:site_name\" content=\"Location studio Sanary\" \/>\n<meta property=\"article:modified_time\" content=\"2021-04-22T13:40:46+00:00\" \/>\n<meta name=\"twitter:card\" content=\"summary_large_image\" \/>\n<meta name=\"twitter:label1\" content=\"Dur\u00e9e de lecture est.\">\n\t<meta name=\"twitter:data1\" content=\"1 minute\">\n<script type=\"application\/ld+json\" class=\"yoast-schema-graph\">{\"@context\":\"https:\/\/schema.org\",\"@graph\":[{\"@type\":\"WebSite\",\"@id\":\"https:\/\/locationstudiosanarysurmer.fr\/#website\",\"url\":\"https:\/\/locationstudiosanarysurmer.fr\/\",\"name\":\"Location studio Sanary\",\"description\":\"Location studio cabine pour 4 personnes\",\"potentialAction\":[{\"@type\":\"SearchAction\",\"target\":\"https:\/\/locationstudiosanarysurmer.fr\/?s={search_term_string}\",\"query-input\":\"required name=search_term_string\"}],\"inLanguage\":\"fr-FR\"},{\"@type\":\"WebPage\",\"@id\":\"https:\/\/locationstudiosanarysurmer.fr\/?page_id=708#webpage\",\"url\":\"https:\/\/locationstudiosanarysurmer.fr\/?page_id=708\",\"name\":\"Location - Location studio Sanary Location studio Sanary\",\"isPartOf\":{\"@id\":\"https:\/\/locationstudiosanarysurmer.fr\/#website\"},\"datePublished\":\"2021-03-21T15:05:18+00:00\",\"dateModified\":\"2021-04-22T13:40:46+00:00\",\"breadcrumb\":{\"@id\":\"https:\/\/locationstudiosanarysurmer.fr\/?page_id=708#breadcrumb\"},\"inLanguage\":\"fr-FR\",\"potentialAction\":[{\"@type\":\"ReadAction\",\"target\":[\"https:\/\/locationstudiosanarysurmer.fr\/?page_id=708\"]}]},{\"@type\":\"BreadcrumbList\",\"@id\":\"https:\/\/locationstudiosanarysurmer.fr\/?page_id=708#breadcrumb\",\"itemListElement\":[{\"@type\":\"ListItem\",\"position\":1,\"item\":{\"@type\":\"WebPage\",\"@id\":\"https:\/\/locationstudiosanarysurmer.fr\/\",\"url\":\"https:\/\/locationstudiosanarysurmer.fr\/\",\"name\":\"Accueil\"}},{\"@type\":\"ListItem\",\"position\":2,\"item\":{\"@type\":\"WebPage\",\"@id\":\"https:\/\/locationstudiosanarysurmer.fr\/?page_id=708\",\"url\":\"https:\/\/locationstudiosanarysurmer.fr\/?page_id=708\",\"name\":\"Livre d&#8217;or\"}}]}]}<\/script>\n<!-- \/ Yoast SEO plugin. -->","_links":{"self":[{"href":"https:\/\/locationstudiosanarysurmer.fr\/index.php?rest_route=\/wp\/v2\/pages\/708"}],"collection":[{"href":"https:\/\/locationstudiosanarysurmer.fr\/index.php?rest_route=\/wp\/v2\/pages"}],"about":[{"href":"https:\/\/locationstudiosanarysurmer.fr\/index.php?rest_route=\/wp\/v2\/types\/page"}],"author":[{"embeddable":true,"href":"https:\/\/locationstudiosanarysurmer.fr\/index.php?rest_route=\/wp\/v2\/users\/1"}],"replies":[{"embeddable":true,"href":"https:\/\/locationstudiosanarysurmer.fr\/index.php?rest_route=%2Fwp%2Fv2%2Fcomments&post=708"}],"version-history":[{"count":4,"href":"https:\/\/locationstudiosanarysurmer.fr\/index.php?rest_route=\/wp\/v2\/pages\/708\/revisions"}],"predecessor-version":[{"id":991,"href":"https:\/\/locationstudiosanarysurmer.fr\/index.php?rest_route=\/wp\/v2\/pages\/708\/revisions\/991"}],"wp:attachment":[{"href":"https:\/\/locationstudiosanarysurmer.fr\/index.php?rest_route=%2Fwp%2Fv2%2Fmedia&parent=708"}],"curies":[{"name":"wp","href":"https:\/\/api.w.org\/{rel}","templated":true}]}}