{"id":544,"date":"2021-03-17T13:55:17","date_gmt":"2021-03-17T12:55:17","guid":{"rendered":"https:\/\/locationstudiosanarysurmer.fr\/?page_id=544"},"modified":"2024-03-11T16:49:32","modified_gmt":"2024-03-11T15:49:32","slug":"la-residence","status":"publish","type":"page","link":"https:\/\/locationstudiosanarysurmer.fr\/?page_id=544","title":{"rendered":"La r\u00e9sidence"},"content":{"rendered":"<p>[et_pb_section fb_built=&#8221;1&#8243; prev_background_color=&#8221;#000000&#8243; _builder_version=&#8221;4.9.0&#8243; _module_preset=&#8221;default&#8221; custom_margin=&#8221;||155px|||&#8221; top_divider_style=&#8221;wave2&#8243;][et_pb_row use_custom_gutter=&#8221;on&#8221; _builder_version=&#8221;4.9.0&#8243; _module_preset=&#8221;default&#8221; width=&#8221;71%&#8221; max_width=&#8221;1900px&#8221; min_height=&#8221;312px&#8221; height=&#8221;322px&#8221; max_height=&#8221;355px&#8221;][et_pb_column type=&#8221;4_4&#8243; _builder_version=&#8221;4.9.0&#8243; _module_preset=&#8221;default&#8221;][et_pb_image src=&#8221;https:\/\/locationstudiosanarysurmer.fr\/wp-content\/uploads\/2021\/05\/Terrassepiscine.jpg&#8221; title_text=&#8221;Terrassepiscine&#8221; _builder_version=&#8221;4.9.2&#8243; _module_preset=&#8221;default&#8221;][\/et_pb_image][\/et_pb_column][\/et_pb_row][\/et_pb_section][et_pb_section fb_built=&#8221;1&#8243; _builder_version=&#8221;4.9.0&#8243; _module_preset=&#8221;default&#8221;][et_pb_row _builder_version=&#8221;4.9.0&#8243; _module_preset=&#8221;default&#8221;][et_pb_column type=&#8221;4_4&#8243; _builder_version=&#8221;4.9.0&#8243; _module_preset=&#8221;default&#8221;][et_pb_text content_tablet=&#8221;&#8221; content_phone=&#8221;&#8221; content_last_edited=&#8221;on|phone&#8221; _builder_version=&#8221;4.9.2&#8243; _module_preset=&#8221;default&#8221; text_font=&#8221;||on||||||&#8221; text_text_color=&#8221;#FFFFFF&#8221; text_font_size=&#8221;28px&#8221; text_line_height=&#8221;1.3em&#8221; header_font_size=&#8221;24px&#8221; background_color=&#8221;#9e9e9e&#8221; width=&#8221;47%&#8221; max_width=&#8221;40%&#8221; min_height=&#8221;0px&#8221; height=&#8221;100px&#8221; max_height=&#8221;400px&#8221; custom_margin=&#8221;41px|0px|-102px|0px|false|true&#8221; custom_padding=&#8221;23px||23px|50px|true|false&#8221; animation_style=&#8221;bounce&#8221; animation_duration=&#8221;1950ms&#8221; text_text_shadow_style=&#8221;preset4&#8243; border_radii=&#8221;on|30px|30px|30px|30px&#8221; border_width_all=&#8221;2px&#8221;]<\/p>\n<p>Suivez le guide &#8230;..<\/p>\n<p>[\/et_pb_text][\/et_pb_column][\/et_pb_row][\/et_pb_section][et_pb_section fb_built=&#8221;1&#8243; _builder_version=&#8221;4.9.0&#8243; _module_preset=&#8221;default&#8221;][et_pb_row column_structure=&#8221;2_5,3_5&#8243; _builder_version=&#8221;4.9.0&#8243; _module_preset=&#8221;default&#8221;][et_pb_column type=&#8221;2_5&#8243; _builder_version=&#8221;4.9.0&#8243; _module_preset=&#8221;default&#8221;][et_pb_gallery gallery_ids=&#8221;1205,1206,1207,1208,1209,1210,1142,1305,1330,1331,1332,1333&#8243; fullwidth=&#8221;on&#8221; _builder_version=&#8221;4.9.2&#8243; _module_preset=&#8221;default&#8221; hover_enabled=&#8221;0&#8243; sticky_enabled=&#8221;0&#8243;][\/et_pb_gallery][\/et_pb_column][et_pb_column type=&#8221;3_5&#8243; _builder_version=&#8221;4.9.0&#8243; _module_preset=&#8221;default&#8221;][et_pb_text content_tablet=&#8221;&#8221; content_phone=&#8221;&#8221; content_last_edited=&#8221;on|phone&#8221; _builder_version=&#8221;4.9.2&#8243; _module_preset=&#8221;default&#8221; text_font=&#8221;||on||||||&#8221; text_font_size=&#8221;34px&#8221; custom_margin=&#8221;150px||150px|0px|true|false&#8221; custom_padding=&#8221;0px||||false|false&#8221; animation_style=&#8221;zoom&#8221; text_text_shadow_style=&#8221;preset2&#8243; text_text_shadow_blur_strength=&#8221;0em&#8221;]<\/p>\n<p>La piscine<\/p>\n<p>[\/et_pb_text][\/et_pb_column][\/et_pb_row][\/et_pb_section][et_pb_section fb_built=&#8221;1&#8243; prev_background_color=&#8221;#ffffff&#8221; _builder_version=&#8221;4.9.0&#8243; _module_preset=&#8221;default&#8221; use_background_color_gradient=&#8221;on&#8221; background_color_gradient_start=&#8221;#cccccc&#8221; background_color_gradient_end=&#8221;#cccccc&#8221; background_color_gradient_type=&#8221;radial&#8221; top_divider_style=&#8221;ramp2&#8243; border_color_all=&#8221;#0E54F7&#8243;][et_pb_row column_structure=&#8221;3_5,2_5&#8243; _builder_version=&#8221;4.9.0&#8243; _module_preset=&#8221;default&#8221;][et_pb_column type=&#8221;3_5&#8243; _builder_version=&#8221;4.9.0&#8243; _module_preset=&#8221;default&#8221;][et_pb_text content_tablet=&#8221;&#8221; content_phone=&#8221;&#8221; content_last_edited=&#8221;on|phone&#8221; _builder_version=&#8221;4.9.2&#8243; _module_preset=&#8221;default&#8221; text_font=&#8221;||on||||||&#8221; text_font_size=&#8221;43px&#8221; text_line_height=&#8221;2.3em&#8221; background_color=&#8221;#d3d3d3&#8243; custom_padding=&#8221;0px|||50px|false|false&#8221; animation_style=&#8221;zoom&#8221; text_text_shadow_style=&#8221;preset2&#8243; border_radii=&#8221;off||30px||30px&#8221; border_width_all=&#8221;2px&#8221;]<\/p>\n<p>Les jardins<\/p>\n<p>[\/et_pb_text][\/et_pb_column][et_pb_column type=&#8221;2_5&#8243; _builder_version=&#8221;4.9.0&#8243; _module_preset=&#8221;default&#8221;][et_pb_gallery gallery_ids=&#8221;1140,1141,1142,1143,1144,1145,1147,1148,1211,1212,1213,1214,1215,1216,1217,1218,1219,1220,1221,1222,1223,1224,1225,1226,1227,1228&#8243; fullwidth=&#8221;on&#8221; _builder_version=&#8221;4.9.2&#8243; _module_preset=&#8221;default&#8221;][\/et_pb_gallery][\/et_pb_column][\/et_pb_row][\/et_pb_section][et_pb_section fb_built=&#8221;1&#8243; _builder_version=&#8221;4.9.0&#8243; _module_preset=&#8221;default&#8221;][et_pb_row column_structure=&#8221;1_4,1_4,1_4,1_4&#8243; _builder_version=&#8221;4.9.0&#8243; _module_preset=&#8221;default&#8221;][et_pb_column type=&#8221;1_4&#8243; _builder_version=&#8221;4.9.0&#8243; _module_preset=&#8221;default&#8221;][et_pb_gallery gallery_ids=&#8221;1230,1231,1232,1233,1234,1146&#8243; gallery_orderby=&#8221;rand&#8221; fullwidth=&#8221;on&#8221; _builder_version=&#8221;4.9.2&#8243; _module_preset=&#8221;default&#8221; auto=&#8221;on&#8221;][\/et_pb_gallery][\/et_pb_column][et_pb_column type=&#8221;1_4&#8243; _builder_version=&#8221;4.9.0&#8243; _module_preset=&#8221;default&#8221;][et_pb_text content_tablet=&#8221;&#8221; content_phone=&#8221;&#8221; content_last_edited=&#8221;on|phone&#8221; _builder_version=&#8221;4.9.2&#8243; _module_preset=&#8221;default&#8221; text_font=&#8221;||on||||||&#8221; text_font_size=&#8221;32px&#8221; custom_margin=&#8221;43px||||false|false&#8221; text_text_shadow_style=&#8221;preset2&#8243;]<\/p>\n<p>Les terrains multi sport<\/p>\n<p>[\/et_pb_text][\/et_pb_column][et_pb_column type=&#8221;1_4&#8243; _builder_version=&#8221;4.9.0&#8243; _module_preset=&#8221;default&#8221;][et_pb_text _builder_version=&#8221;4.9.0&#8243; _module_preset=&#8221;default&#8221; text_font=&#8221;||on||||||&#8221; text_font_size=&#8221;32px&#8221; text_line_height=&#8221;1.9em&#8221; text_orientation=&#8221;right&#8221; text_text_shadow_style=&#8221;preset2&#8243;]B\u00e2timents et parkings privatifs (num\u00e9rot\u00e9s)[\/et_pb_text][\/et_pb_column][et_pb_column type=&#8221;1_4&#8243; _builder_version=&#8221;4.9.0&#8243; _module_preset=&#8221;default&#8221;][et_pb_gallery gallery_ids=&#8221;1235,1236,1237,1238,1239,1240,1241,1242,1243,1244,1245,1246,1260,1261&#8243; fullwidth=&#8221;on&#8221; _builder_version=&#8221;4.9.2&#8243; _module_preset=&#8221;default&#8221; auto=&#8221;on&#8221;][\/et_pb_gallery][\/et_pb_column][\/et_pb_row][\/et_pb_section][et_pb_section fb_built=&#8221;1&#8243; _builder_version=&#8221;4.9.0&#8243; _module_preset=&#8221;default&#8221; background_color=&#8221;#dbdbdb&#8221;][et_pb_row column_structure=&#8221;2_5,3_5&#8243; _builder_version=&#8221;4.9.0&#8243; _module_preset=&#8221;default&#8221;][et_pb_column type=&#8221;2_5&#8243; _builder_version=&#8221;4.9.0&#8243; _module_preset=&#8221;default&#8221;][et_pb_gallery gallery_ids=&#8221;1153,1154,1155,1247,1248,1249,1250,1251,1252,1253,1254,1255,1256,1257,1258,1259&#8243; fullwidth=&#8221;on&#8221; _builder_version=&#8221;4.9.2&#8243; _module_preset=&#8221;default&#8221; auto=&#8221;on&#8221;][\/et_pb_gallery][\/et_pb_column][et_pb_column type=&#8221;3_5&#8243; _builder_version=&#8221;4.9.0&#8243; _module_preset=&#8221;default&#8221;][et_pb_text content_tablet=&#8221;&#8221; content_phone=&#8221;&#8221; content_last_edited=&#8221;on|phone&#8221; disabled_on=&#8221;off|off|off&#8221; _builder_version=&#8221;4.9.2&#8243; _module_preset=&#8221;default&#8221; text_font=&#8221;||on||||||&#8221; text_font_size=&#8221;22px&#8221; text_line_height=&#8221;2em&#8221; custom_margin=&#8221;13px||||false|false&#8221; text_text_shadow_style=&#8221;preset2&#8243;]<\/p>\n<p>L&#8217;acc\u00e8s \u00e0 la plage se fait par un chemin pi\u00e9ton. La travers\u00e9e de la voie ferr\u00e9 et de la route se font par des tunnels sous les voies. 800 m\u00e8tres depuis la r\u00e9sidence.<\/p>\n<p>[\/et_pb_text][\/et_pb_column][\/et_pb_row][\/et_pb_section][et_pb_section fb_built=&#8221;1&#8243; _builder_version=&#8221;4.9.0&#8243; _module_preset=&#8221;default&#8221;][et_pb_row _builder_version=&#8221;4.9.0&#8243; _module_preset=&#8221;default&#8221;][et_pb_column type=&#8221;4_4&#8243; _builder_version=&#8221;4.9.0&#8243; _module_preset=&#8221;default&#8221;][et_pb_button button_url=&#8221;@ET-DC@eyJkeW5hbWljIjp0cnVlLCJjb250ZW50IjoicG9zdF9saW5rX3VybF9wYWdlIiwic2V0dGluZ3MiOnsicG9zdF9pZCI6IjExMCJ9fQ==@&#8221; button_text=&#8221;Retour \u00e0 la page d&#8217;accueil&#8221; button_text_tablet=&#8221;&#8221; button_text_phone=&#8221;&#8221; button_text_last_edited=&#8221;on|phone&#8221; _builder_version=&#8221;4.9.2&#8243; _dynamic_attributes=&#8221;button_url&#8221; _module_preset=&#8221;default&#8221; custom_button=&#8221;on&#8221; button_text_size=&#8221;21px&#8221; button_text_color=&#8221;#FFFFFF&#8221; button_bg_color=&#8221;#7f7f7f&#8221; button_border_color=&#8221;#CCCCCC&#8221; button_font=&#8221;||on||||||&#8221; button_icon=&#8221;%%198%%&#8221; button_icon_color=&#8221;#FFFFFF&#8221; background_layout=&#8221;dark&#8221; animation_style=&#8221;flip&#8221; button_text_shadow_style=&#8221;preset3&#8243;][\/et_pb_button][\/et_pb_column][\/et_pb_row][\/et_pb_section][et_pb_section fb_built=&#8221;1&#8243; _builder_version=&#8221;4.9.2&#8243; _module_preset=&#8221;default&#8221; background_color=&#8221;#3d3d3d&#8221; custom_margin=&#8221;-6px||-50px||false|false&#8221; custom_padding=&#8221;0px||0px||false|false&#8221;][et_pb_row column_structure=&#8221;1_3,1_3,1_3&#8243; _builder_version=&#8221;4.9.2&#8243; _module_preset=&#8221;default&#8221;][et_pb_column type=&#8221;1_3&#8243; _builder_version=&#8221;4.9.2&#8243; _module_preset=&#8221;default&#8221;][et_pb_text _builder_version=&#8221;4.9.2&#8243; _dynamic_attributes=&#8221;link_option_url&#8221; _module_preset=&#8221;default&#8221; text_font=&#8221;||on||||||&#8221; text_text_color=&#8221;#FFFFFF&#8221; text_font_size=&#8221;18px&#8221; custom_margin=&#8221;-3px||||false|false&#8221; link_option_url=&#8221;@ET-DC@eyJkeW5hbWljIjp0cnVlLCJjb250ZW50IjoicG9zdF9saW5rX3VybF9wYWdlIiwic2V0dGluZ3MiOnsicG9zdF9pZCI6IjkyMiJ9fQ==@&#8221;]<\/p>\n<p style=\"text-align: right;\">Mentions l\u00e9gales<\/p>\n<p>[\/et_pb_text][\/et_pb_column][et_pb_column type=&#8221;1_3&#8243; _builder_version=&#8221;4.9.2&#8243; _module_preset=&#8221;default&#8221;][et_pb_text _builder_version=&#8221;4.9.2&#8243; _dynamic_attributes=&#8221;link_option_url&#8221; _module_preset=&#8221;default&#8221; text_font=&#8221;||on||||||&#8221; text_text_color=&#8221;#FFFFFF&#8221; text_font_size=&#8221;17px&#8221; link_option_url=&#8221;@ET-DC@eyJkeW5hbWljIjp0cnVlLCJjb250ZW50IjoicG9zdF9saW5rX3VybF9wYWdlIiwic2V0dGluZ3MiOnsicG9zdF9pZCI6IjMifX0=@&#8221;]<\/p>\n<p>Politique de confidentialit\u00e9<\/p>\n<p>[\/et_pb_text][\/et_pb_column][et_pb_column type=&#8221;1_3&#8243; _builder_version=&#8221;4.9.2&#8243; _module_preset=&#8221;default&#8221;][et_pb_text _builder_version=&#8221;4.9.2&#8243; _module_preset=&#8221;default&#8221; text_font=&#8221;||on||||||&#8221; text_text_color=&#8221;#FFFFFF&#8221; text_font_size=&#8221;18px&#8221;]<\/p>\n<p style=\"text-align: left;\">Un site construit par <a href=\"mailto:guenardwebconstruction@gmail.com\">guenardwebconstruction@gmail.com<\/a><\/p>\n<p style=\"text-align: left;\">[\/et_pb_text][\/et_pb_column][\/et_pb_row][\/et_pb_section]<\/p>\n","protected":false},"excerpt":{"rendered":"<p>[et_pb_section fb_built=&#8221;1&#8243; prev_background_color=&#8221;#000000&#8243; _builder_version=&#8221;4.9.0&#8243; _module_preset=&#8221;default&#8221; custom_margin=&#8221;||155px|||&#8221; top_divider_style=&#8221;wave2&#8243;][et_pb_row use_custom_gutter=&#8221;on&#8221; _builder_version=&#8221;4.9.0&#8243; _module_preset=&#8221;default&#8221; width=&#8221;71%&#8221; max_width=&#8221;1900px&#8221; min_height=&#8221;312px&#8221; height=&#8221;322px&#8221; max_height=&#8221;355px&#8221;][et_pb_column type=&#8221;4_4&#8243; _builder_version=&#8221;4.9.0&#8243; _module_preset=&#8221;default&#8221;][et_pb_image src=&#8221;https:\/\/locationstudiosanarysurmer.fr\/wp-content\/uploads\/2021\/05\/Terrassepiscine.jpg&#8221; title_text=&#8221;Terrassepiscine&#8221; _builder_version=&#8221;4.9.2&#8243; _module_preset=&#8221;default&#8221;][\/et_pb_image][\/et_pb_column][\/et_pb_row][\/et_pb_section][et_pb_section fb_built=&#8221;1&#8243; _builder_version=&#8221;4.9.0&#8243; _module_preset=&#8221;default&#8221;][et_pb_row _builder_version=&#8221;4.9.0&#8243; _module_preset=&#8221;default&#8221;][et_pb_column type=&#8221;4_4&#8243; _builder_version=&#8221;4.9.0&#8243; _module_preset=&#8221;default&#8221;][et_pb_text content_tablet=&#8221;&#8221; content_phone=&#8221;&#8221; content_last_edited=&#8221;on|phone&#8221; _builder_version=&#8221;4.9.2&#8243; _module_preset=&#8221;default&#8221; text_font=&#8221;||on||||||&#8221; text_text_color=&#8221;#FFFFFF&#8221; text_font_size=&#8221;28px&#8221; text_line_height=&#8221;1.3em&#8221; header_font_size=&#8221;24px&#8221; background_color=&#8221;#9e9e9e&#8221; width=&#8221;47%&#8221; max_width=&#8221;40%&#8221; min_height=&#8221;0px&#8221; height=&#8221;100px&#8221; max_height=&#8221;400px&#8221; custom_margin=&#8221;41px|0px|-102px|0px|false|true&#8221; custom_padding=&#8221;23px||23px|50px|true|false&#8221; animation_style=&#8221;bounce&#8221; animation_duration=&#8221;1950ms&#8221; text_text_shadow_style=&#8221;preset4&#8243; border_radii=&#8221;on|30px|30px|30px|30px&#8221; border_width_all=&#8221;2px&#8221;] Suivez le [&hellip;]<\/p>\n","protected":false},"author":1,"featured_media":0,"parent":0,"menu_order":0,"comment_status":"closed","ping_status":"closed","template":"","meta":{"_et_pb_use_builder":"on","_et_pb_old_content":"","_et_gb_content_width":""},"yoast_head":"<!-- This site is optimized with the Yoast SEO plugin v16.0.2 - https:\/\/yoast.com\/wordpress\/plugins\/seo\/ -->\n<title>Location - Location studio Sanary Location studio Sanary<\/title>\n<link rel=\"canonical\" href=\"https:\/\/locationstudiosanarysurmer.fr\/?page_id=544\" \/>\n<meta property=\"og:locale\" content=\"fr_FR\" \/>\n<meta property=\"og:type\" content=\"article\" \/>\n<meta property=\"og:title\" content=\"Location - Location studio Sanary Location studio Sanary\" \/>\n<meta property=\"og:description\" content=\"[et_pb_section fb_built=&#8221;1&#8243; prev_background_color=&#8221;#000000&#8243; _builder_version=&#8221;4.9.0&#8243; _module_preset=&#8221;default&#8221; custom_margin=&#8221;||155px|||&#8221; top_divider_style=&#8221;wave2&#8243;][et_pb_row use_custom_gutter=&#8221;on&#8221; _builder_version=&#8221;4.9.0&#8243; _module_preset=&#8221;default&#8221; width=&#8221;71%&#8221; max_width=&#8221;1900px&#8221; min_height=&#8221;312px&#8221; height=&#8221;322px&#8221; max_height=&#8221;355px&#8221;][et_pb_column type=&#8221;4_4&#8243; _builder_version=&#8221;4.9.0&#8243; _module_preset=&#8221;default&#8221;][et_pb_image src=&#8221;https:\/\/locationstudiosanarysurmer.fr\/wp-content\/uploads\/2021\/05\/Terrassepiscine.jpg&#8221; title_text=&#8221;Terrassepiscine&#8221; _builder_version=&#8221;4.9.2&#8243; _module_preset=&#8221;default&#8221;][\/et_pb_image][\/et_pb_column][\/et_pb_row][\/et_pb_section][et_pb_section fb_built=&#8221;1&#8243; _builder_version=&#8221;4.9.0&#8243; _module_preset=&#8221;default&#8221;][et_pb_row _builder_version=&#8221;4.9.0&#8243; _module_preset=&#8221;default&#8221;][et_pb_column type=&#8221;4_4&#8243; _builder_version=&#8221;4.9.0&#8243; _module_preset=&#8221;default&#8221;][et_pb_text content_tablet=&#8221;&#8221; content_phone=&#8221;&#8221; content_last_edited=&#8221;on|phone&#8221; _builder_version=&#8221;4.9.2&#8243; _module_preset=&#8221;default&#8221; text_font=&#8221;||on||||||&#8221; text_text_color=&#8221;#FFFFFF&#8221; text_font_size=&#8221;28px&#8221; text_line_height=&#8221;1.3em&#8221; header_font_size=&#8221;24px&#8221; background_color=&#8221;#9e9e9e&#8221; width=&#8221;47%&#8221; max_width=&#8221;40%&#8221; min_height=&#8221;0px&#8221; height=&#8221;100px&#8221; max_height=&#8221;400px&#8221; custom_margin=&#8221;41px|0px|-102px|0px|false|true&#8221; custom_padding=&#8221;23px||23px|50px|true|false&#8221; animation_style=&#8221;bounce&#8221; animation_duration=&#8221;1950ms&#8221; text_text_shadow_style=&#8221;preset4&#8243; border_radii=&#8221;on|30px|30px|30px|30px&#8221; border_width_all=&#8221;2px&#8221;] Suivez le [&hellip;]\" \/>\n<meta property=\"og:url\" content=\"https:\/\/locationstudiosanarysurmer.fr\/?page_id=544\" \/>\n<meta property=\"og:site_name\" content=\"Location studio Sanary\" \/>\n<meta property=\"article:modified_time\" content=\"2024-03-11T15:49:32+00:00\" \/>\n<meta name=\"twitter:card\" content=\"summary_large_image\" \/>\n<meta name=\"twitter:label1\" content=\"Dur\u00e9e de lecture est.\">\n\t<meta name=\"twitter:data1\" content=\"2 minutes\">\n<script type=\"application\/ld+json\" class=\"yoast-schema-graph\">{\"@context\":\"https:\/\/schema.org\",\"@graph\":[{\"@type\":\"WebSite\",\"@id\":\"https:\/\/locationstudiosanarysurmer.fr\/#website\",\"url\":\"https:\/\/locationstudiosanarysurmer.fr\/\",\"name\":\"Location studio Sanary\",\"description\":\"Location studio cabine pour 4 personnes\",\"potentialAction\":[{\"@type\":\"SearchAction\",\"target\":\"https:\/\/locationstudiosanarysurmer.fr\/?s={search_term_string}\",\"query-input\":\"required name=search_term_string\"}],\"inLanguage\":\"fr-FR\"},{\"@type\":\"WebPage\",\"@id\":\"https:\/\/locationstudiosanarysurmer.fr\/?page_id=544#webpage\",\"url\":\"https:\/\/locationstudiosanarysurmer.fr\/?page_id=544\",\"name\":\"Location - Location studio Sanary Location studio Sanary\",\"isPartOf\":{\"@id\":\"https:\/\/locationstudiosanarysurmer.fr\/#website\"},\"datePublished\":\"2021-03-17T12:55:17+00:00\",\"dateModified\":\"2024-03-11T15:49:32+00:00\",\"breadcrumb\":{\"@id\":\"https:\/\/locationstudiosanarysurmer.fr\/?page_id=544#breadcrumb\"},\"inLanguage\":\"fr-FR\",\"potentialAction\":[{\"@type\":\"ReadAction\",\"target\":[\"https:\/\/locationstudiosanarysurmer.fr\/?page_id=544\"]}]},{\"@type\":\"BreadcrumbList\",\"@id\":\"https:\/\/locationstudiosanarysurmer.fr\/?page_id=544#breadcrumb\",\"itemListElement\":[{\"@type\":\"ListItem\",\"position\":1,\"item\":{\"@type\":\"WebPage\",\"@id\":\"https:\/\/locationstudiosanarysurmer.fr\/\",\"url\":\"https:\/\/locationstudiosanarysurmer.fr\/\",\"name\":\"Accueil\"}},{\"@type\":\"ListItem\",\"position\":2,\"item\":{\"@type\":\"WebPage\",\"@id\":\"https:\/\/locationstudiosanarysurmer.fr\/?page_id=544\",\"url\":\"https:\/\/locationstudiosanarysurmer.fr\/?page_id=544\",\"name\":\"La r\\u00e9sidence\"}}]}]}<\/script>\n<!-- \/ Yoast SEO plugin. -->","_links":{"self":[{"href":"https:\/\/locationstudiosanarysurmer.fr\/index.php?rest_route=\/wp\/v2\/pages\/544"}],"collection":[{"href":"https:\/\/locationstudiosanarysurmer.fr\/index.php?rest_route=\/wp\/v2\/pages"}],"about":[{"href":"https:\/\/locationstudiosanarysurmer.fr\/index.php?rest_route=\/wp\/v2\/types\/page"}],"author":[{"embeddable":true,"href":"https:\/\/locationstudiosanarysurmer.fr\/index.php?rest_route=\/wp\/v2\/users\/1"}],"replies":[{"embeddable":true,"href":"https:\/\/locationstudiosanarysurmer.fr\/index.php?rest_route=%2Fwp%2Fv2%2Fcomments&post=544"}],"version-history":[{"count":13,"href":"https:\/\/locationstudiosanarysurmer.fr\/index.php?rest_route=\/wp\/v2\/pages\/544\/revisions"}],"predecessor-version":[{"id":1334,"href":"https:\/\/locationstudiosanarysurmer.fr\/index.php?rest_route=\/wp\/v2\/pages\/544\/revisions\/1334"}],"wp:attachment":[{"href":"https:\/\/locationstudiosanarysurmer.fr\/index.php?rest_route=%2Fwp%2Fv2%2Fmedia&parent=544"}],"curies":[{"name":"wp","href":"https:\/\/api.w.org\/{rel}","templated":true}]}}