{"id":287,"date":"2021-03-12T16:22:28","date_gmt":"2021-03-12T15:22:28","guid":{"rendered":"https:\/\/locationstudiosanarysurmer.fr\/?page_id=287"},"modified":"2021-05-26T17:27:35","modified_gmt":"2021-05-26T15:27:35","slug":"informations-utiles-usual-information-nutzliche-informationen","status":"publish","type":"page","link":"https:\/\/locationstudiosanarysurmer.fr\/?page_id=287","title":{"rendered":"Informations utiles"},"content":{"rendered":"<p>[et_pb_section fb_built=&#8221;1&#8243; _builder_version=&#8221;4.9.0&#8243; _module_preset=&#8221;default&#8221; custom_padding=&#8221;||8px|||&#8221;][et_pb_row _builder_version=&#8221;4.9.0&#8243; _module_preset=&#8221;default&#8221; animation_style=&#8221;zoom&#8221; border_radii=&#8221;on|20px|20px|20px|20px&#8221; border_width_all=&#8221;4px&#8221; border_color_all=&#8221;#CCCCCC&#8221; box_shadow_style=&#8221;preset5&#8243;][et_pb_column type=&#8221;4_4&#8243; _builder_version=&#8221;4.9.0&#8243; _module_preset=&#8221;default&#8221;][et_pb_text content_tablet=&#8221;&#8221; content_phone=&#8221;&#8221; content_last_edited=&#8221;on|phone&#8221; _builder_version=&#8221;4.9.2&#8243; _module_preset=&#8221;default&#8221; text_font=&#8221;||on||||||&#8221; text_text_color=&#8221;#CCCCCC&#8221; text_font_size=&#8221;29px&#8221; text_orientation=&#8221;center&#8221; animation_style=&#8221;zoom&#8221; animation_duration=&#8221;2000ms&#8221; text_text_shadow_style=&#8221;preset4&#8243;]<\/p>\n<p style=\"text-align: center;\">Pour vous aider<\/p>\n<p>[\/et_pb_text][\/et_pb_column][\/et_pb_row][\/et_pb_section][et_pb_section fb_built=&#8221;1&#8243; _builder_version=&#8221;4.9.0&#8243; _module_preset=&#8221;default&#8221; background_image=&#8221;https:\/\/locationstudiosanarysurmer.fr\/wp-content\/uploads\/2021\/03\/facebook_1615795742123_6777138544371609703.jpg&#8221;][et_pb_row column_structure=&#8221;1_2,1_2&#8243; _builder_version=&#8221;4.9.0&#8243; _module_preset=&#8221;default&#8221; animation_style=&#8221;zoom&#8221; border_radii=&#8221;on|30px|30px|30px|30px&#8221;][et_pb_column type=&#8221;1_2&#8243; _builder_version=&#8221;4.9.0&#8243; _module_preset=&#8221;default&#8221;][et_pb_button button_url=&#8221;http:\/\/www.locationstudiosanarysurmer.fr\/?page_id=708&#038;et_fb=1&#038;PageSpeed=off&#8221; button_text=&#8221;Livre d&#8217;or&#8221; button_text_tablet=&#8221;&#8221; button_text_phone=&#8221;&#8221; button_text_last_edited=&#8221;on|phone&#8221; _builder_version=&#8221;4.9.2&#8243; _module_preset=&#8221;default&#8221; custom_button=&#8221;on&#8221; button_text_size=&#8221;21px&#8221; button_text_color=&#8221;#FFFFFF&#8221; button_border_color=&#8221;#727272&#8243; button_font=&#8221;|600|on||||||&#8221; button_icon_color=&#8221;#FFFFFF&#8221; animation_style=&#8221;zoom&#8221; button_text_shadow_style=&#8221;preset4&#8243; box_shadow_style=&#8221;preset4&#8243;][\/et_pb_button][\/et_pb_column][et_pb_column type=&#8221;1_2&#8243; _builder_version=&#8221;4.9.0&#8243; _module_preset=&#8221;default&#8221;][\/et_pb_column][\/et_pb_row][et_pb_row column_structure=&#8221;1_2,1_2&#8243; _builder_version=&#8221;4.9.0&#8243; _module_preset=&#8221;default&#8221; animation_style=&#8221;zoom&#8221;][et_pb_column type=&#8221;1_2&#8243; _builder_version=&#8221;4.9.0&#8243; _module_preset=&#8221;default&#8221;][et_pb_text content_tablet=&#8221;&#8221; content_phone=&#8221;&#8221; content_last_edited=&#8221;on|phone&#8221; _builder_version=&#8221;4.9.2&#8243; _module_preset=&#8221;default&#8221; text_font=&#8221;||on||||||&#8221; text_text_color=&#8221;#ffffff&#8221; text_font_size=&#8221;31px&#8221; text_text_shadow_style=&#8221;preset4&#8243;]<\/p>\n<p>Ci dessous vos informations g\u00e9n\u00e9rales:<\/p>\n<p>[\/et_pb_text][\/et_pb_column][et_pb_column type=&#8221;1_2&#8243; _builder_version=&#8221;4.9.0&#8243; _module_preset=&#8221;default&#8221;][et_pb_text _builder_version=&#8221;4.9.2&#8243; _module_preset=&#8221;default&#8221; text_font=&#8221;||on||||||&#8221; text_text_color=&#8221;#FFFFFF&#8221; text_font_size=&#8221;33px&#8221; link_option_url=&#8221;https:\/\/goo.gl\/maps\/Ti3EJKvpgqchgYaA7&#8243;]<\/p>\n<p>Situez nous avec Google Maps.<\/p>\n<p>[\/et_pb_text][et_pb_text _builder_version=&#8221;4.9.2&#8243; _module_preset=&#8221;default&#8221; text_font=&#8221;||on||||||&#8221; text_text_color=&#8221;#FFFFFF&#8221; text_font_size=&#8221;32px&#8221; link_option_url=&#8221;https:\/\/www.meteociel.fr\/previsions\/30989\/sanary_sur_mer.htm&#8221;]<\/p>\n<p>\u00a0La m\u00e9t\u00e9o \u00e0 Sanary sur mer ?<\/p>\n<p>[\/et_pb_text][\/et_pb_column][\/et_pb_row][\/et_pb_section][et_pb_section fb_built=&#8221;1&#8243; _builder_version=&#8221;4.9.0&#8243; _module_preset=&#8221;default&#8221; background_color=&#8221;#4f4f4f&#8221;][et_pb_row _builder_version=&#8221;4.9.0&#8243; _module_preset=&#8221;default&#8221;][et_pb_column type=&#8221;4_4&#8243; _builder_version=&#8221;4.9.0&#8243; _module_preset=&#8221;default&#8221;][et_pb_text content_tablet=&#8221;&#8221; content_phone=&#8221;&#8221; content_last_edited=&#8221;on|phone&#8221; _builder_version=&#8221;4.9.2&#8243; _module_preset=&#8221;default&#8221; text_font=&#8221;||on||||||&#8221; text_text_color=&#8221;#FFFFFF&#8221; text_font_size=&#8221;26px&#8221; text_orientation=&#8221;center&#8221; link_option_url=&#8221;http:\/\/www.locationstudiosanarysurmer.fr &#8221; text_text_shadow_style=&#8221;preset3&#8243;]<\/p>\n<p>Adresse de l&#8217;appartement:<\/p>\n<p><em><strong>R\u00e9sidence de vacance &#8216;Le vallon du Roy&#8217;<\/strong><br \/><strong>3915, Ancien chemin de Toulon &#8211;\u00a0<\/strong><strong>Batiment D<\/strong><br \/><strong>F-83110 Sanary sur mer<\/strong><\/em><\/p>\n<p>[\/et_pb_text][et_pb_text _builder_version=&#8221;4.9.2&#8243; _module_preset=&#8221;default&#8221; text_text_color=&#8221;#FFFFFF&#8221; text_font_size=&#8221;35px&#8221;]<\/p>\n<p style=\"text-align: center;\"><strong><em>Comment venir<\/em><\/strong><\/p>\n<p>[\/et_pb_text][\/et_pb_column][\/et_pb_row][et_pb_row column_structure=&#8221;1_3,1_3,1_3&#8243; _builder_version=&#8221;4.9.0&#8243; _module_preset=&#8221;default&#8221;][et_pb_column type=&#8221;1_3&#8243; _builder_version=&#8221;4.9.0&#8243; _module_preset=&#8221;default&#8221;][et_pb_text content_tablet=&#8221;&#8221; content_phone=&#8221;&#8221; content_last_edited=&#8221;on|phone&#8221; _builder_version=&#8221;4.9.2&#8243; _module_preset=&#8221;default&#8221; text_text_color=&#8221;#FFFFFF&#8221; text_font_size=&#8221;17px&#8221;]<\/p>\n<p><strong><em><u>Train\u00a0<\/u><\/em><\/strong><em><u><br \/><\/u><strong>Toulon Gare TGV 12 Km\u00a0<\/strong><\/em><em><br \/><strong>Bandol 4 Km<\/strong><\/em><\/p>\n<p>[\/et_pb_text][\/et_pb_column][et_pb_column type=&#8221;1_3&#8243; _builder_version=&#8221;4.9.0&#8243; _module_preset=&#8221;default&#8221;][et_pb_text content_tablet=&#8221;&#8221; content_phone=&#8221;&#8221; content_last_edited=&#8221;on|phone&#8221; _builder_version=&#8221;4.9.2&#8243; _module_preset=&#8221;default&#8221; text_text_color=&#8221;#FFFFFF&#8221; text_font_size=&#8221;17px&#8221; width=&#8221;115.2%&#8221; max_width=&#8221;81%&#8221; custom_margin=&#8221;|0px||0px|false|false&#8221; custom_padding=&#8221;|0px||0px|false|false&#8221;]<\/p>\n<p style=\"text-align: left;\"><strong><span style=\"text-decoration: underline;\"><em>Voiture :<\/em><\/span><em> <u><br \/><\/u>Autoroute A 50\u00a0\u00a0<\/em><em>Sortie N\u00b0 12<br \/>Au rondpoint \u00e0 droite, puis 2eme rondpoint \u00e0 droite:\u00a0 \u00ab\u00a0Ancien chemin de Toulon\u00a0\u00bb. Continuer sur le chemin jusqu&#8217;\u00e0 la r\u00e9sidence qui sera sur la droite.<\/em><\/strong><\/p>\n<p style=\"text-align: justify;\"><strong><\/strong><\/p>\n<p>[\/et_pb_text][\/et_pb_column][et_pb_column type=&#8221;1_3&#8243; _builder_version=&#8221;4.9.0&#8243; _module_preset=&#8221;default&#8221;][et_pb_text content_tablet=&#8221;&#8221; content_phone=&#8221;&#8221; content_last_edited=&#8221;on|phone&#8221; _builder_version=&#8221;4.9.2&#8243; _module_preset=&#8221;default&#8221; text_text_color=&#8221;#FFFFFF&#8221; text_font_size=&#8221;16px&#8221;]<\/p>\n<p><span style=\"text-decoration: underline;\"><strong><em>Avion\u00a0<\/em><\/strong><\/span><em><u><br \/><\/u><strong>A\u00e9roport International de Nice 172 Km<\/strong><\/em><em><br \/><strong>A\u00e9roport de Hyeres 33 Km\u00a0<\/strong><\/em><em><\/em><\/p>\n<p>&nbsp;<\/p>\n<p>[\/et_pb_text][\/et_pb_column][\/et_pb_row][\/et_pb_section][et_pb_section fb_built=&#8221;1&#8243; _builder_version=&#8221;4.9.2&#8243; _module_preset=&#8221;default&#8221;][et_pb_row _builder_version=&#8221;4.9.0&#8243; _module_preset=&#8221;default&#8221;][et_pb_column type=&#8221;4_4&#8243; _builder_version=&#8221;4.9.0&#8243; _module_preset=&#8221;default&#8221;][et_pb_text _builder_version=&#8221;4.9.2&#8243; _module_preset=&#8221;default&#8221; text_font_size=&#8221;36px&#8221; text_line_height=&#8221;1.3em&#8221;]<\/p>\n<p style=\"text-align: center;\"><strong><em>Distance des principales villes :<\/em><\/strong><\/p>\n<p>[\/et_pb_text][\/et_pb_column][\/et_pb_row][et_pb_row _builder_version=&#8221;4.9.0&#8243; _module_preset=&#8221;default&#8221; background_image=&#8221;https:\/\/locationstudiosanarysurmer.fr\/wp-content\/uploads\/2021\/03\/2cv.jpg&#8221; border_radii=&#8221;on|50px|50px|50px|50px&#8221; border_width_all=&#8221;4px&#8221; border_color_all=&#8221;#CCCCCC&#8221; box_shadow_style=&#8221;preset4&#8243;][et_pb_column type=&#8221;4_4&#8243; _builder_version=&#8221;4.9.0&#8243; _module_preset=&#8221;default&#8221;][et_pb_text _builder_version=&#8221;4.9.2&#8243; _module_preset=&#8221;default&#8221; text_font=&#8221;||||||||&#8221; text_text_color=&#8221;#EDF000&#8243; text_font_size=&#8221;23px&#8221; text_line_height=&#8221;1.3em&#8221;]<\/p>\n<p style=\"text-align: center;\"><strong><em>Plage: 800 m<\/em><\/strong><\/p>\n<p style=\"text-align: center;\"><strong><em>Bandol : 2Km<\/em><\/strong><\/p>\n<p style=\"text-align: center;\"><strong><em>Centre ville Sanary : 4 Km<\/em><\/strong><\/p>\n<p style=\"text-align: center;\"><strong><em>Toulon\u00a0: 14 Km<\/em><\/strong><\/p>\n<p style=\"text-align: center;\"><strong><em>Marseille\u00a0: 50 Km<\/em><\/strong><\/p>\n<p style=\"text-align: center;\"><strong><em>Aix en Provence\u00a0: 70 Km<\/em><\/strong><\/p>\n<p style=\"text-align: center;\"><strong><em>St Tropez\u00a0: 80 Km<\/em><\/strong><\/p>\n<p style=\"text-align: center;\"><strong><em>Moustier\u00a0Ste Marie\u00a0: 146 Km<\/em><\/strong><\/p>\n<p>[\/et_pb_text][\/et_pb_column][\/et_pb_row][\/et_pb_section][et_pb_section fb_built=&#8221;1&#8243; _builder_version=&#8221;4.9.0&#8243; _module_preset=&#8221;default&#8221;][et_pb_row _builder_version=&#8221;4.9.0&#8243; _module_preset=&#8221;default&#8221;][et_pb_column type=&#8221;4_4&#8243; _builder_version=&#8221;4.9.0&#8243; _module_preset=&#8221;default&#8221;][et_pb_text _builder_version=&#8221;4.9.2&#8243; _module_preset=&#8221;default&#8221; text_font_size=&#8221;35px&#8221; text_line_height=&#8221;1.2em&#8221;]<\/p>\n<p style=\"text-align: center;\"><strong><em>Distance des principaux commerces\u00a0<\/em><\/strong><\/p>\n<p>[\/et_pb_text][\/et_pb_column][\/et_pb_row][et_pb_row _builder_version=&#8221;4.9.0&#8243; _module_preset=&#8221;default&#8221;][et_pb_column type=&#8221;4_4&#8243; _builder_version=&#8221;4.9.0&#8243; _module_preset=&#8221;default&#8221;][et_pb_text _builder_version=&#8221;4.9.2&#8243; _module_preset=&#8221;default&#8221; text_font_size=&#8221;19px&#8221;]<\/p>\n<p><strong><em><u>Boucherie \/ Boulangerie \/ \u00e9picerie Fine \/ Tabac<\/u><\/em><em>:<\/em><\/strong><em> 1.5 Km (2 mn en voiture \/ 19mn \u00e0 pied) Sortir de la r\u00e9sidence, tourner \u00e0 gauche, 3eme rond \u00e0 droite et \u00e0 200metre \u00e0 droite, face au bowling.<\/em><\/p>\n<p>&nbsp;<\/p>\n<p><em><\/em><\/p>\n<p><strong><em><u>SuperU(supermarch\u00e9) :<\/u><\/em><\/strong><em> 2,2 km (3 mn en voiture \/ 23mn \u00e0 pied) Sortir de la r\u00e9sidence, tourner \u00e0 gauche, 3eme rondpoint \u00e0 droite, puis rondpoint suivant demi-tour \u00e0 gauche &#8211;<\/em><\/p>\n<p>&nbsp;<\/p>\n<p><em><\/em><\/p>\n<p><strong><em><u>Zone commerciale Ollioules (tous commerces <\/u><\/em><\/strong><strong><em><u>) <\/u><\/em><\/strong><strong><em>:<\/em><\/strong><em>8 km (10mn en voiture) Sortir de la r\u00e9sidence \u00e0 droite et suivre le chemin de Toulon ou reprendre l\u2019autoroute direction Toulon et 1ere sortie &#8211; <\/em><\/p>\n<p><em><\/em><\/p>\n<p>[\/et_pb_text][\/et_pb_column][\/et_pb_row][et_pb_row _builder_version=&#8221;4.9.0&#8243; _module_preset=&#8221;default&#8221;][et_pb_column type=&#8221;4_4&#8243; _builder_version=&#8221;4.9.0&#8243; _module_preset=&#8221;default&#8221;][et_pb_text _builder_version=&#8221;4.9.2&#8243; _module_preset=&#8221;default&#8221; text_font_size=&#8221;21px&#8221; text_line_height=&#8221;1.6em&#8221;]<\/p>\n<p style=\"text-align: center;\"><strong><em>N\u00b0 de t\u00e9l\u00e9phones utiles\u00a0<\/em><\/strong><\/p>\n<p>[\/et_pb_text][\/et_pb_column][\/et_pb_row][et_pb_row column_structure=&#8221;1_2,1_2&#8243; _builder_version=&#8221;4.9.0&#8243; _module_preset=&#8221;default&#8221;][et_pb_column type=&#8221;1_2&#8243; _builder_version=&#8221;4.9.0&#8243; _module_preset=&#8221;default&#8221;][et_pb_text _builder_version=&#8221;4.9.2&#8243; _module_preset=&#8221;default&#8221; text_font_size=&#8221;20px&#8221;]<\/p>\n<p><strong><em>Office du Tourisme :<\/em><\/strong><\/p>\n<p><strong><em>Bandol\u00a0: +33 (0)4 94 29 41 35<\/em><\/strong><\/p>\n<p><strong><em>Sanary\u00a0: +33 (0)4 94 74 01 04<\/em><\/strong><\/p>\n<p><strong><em>Bureau de Police\u00a0 : +33 (0)4 94 88 53 30<\/em><\/strong><\/p>\n<p><strong><em>Taxi\u00a0: +33 (0)9 88 29 03 38<\/em><\/strong><\/p>\n<p>[\/et_pb_text][\/et_pb_column][et_pb_column type=&#8221;1_2&#8243; _builder_version=&#8221;4.9.0&#8243; _module_preset=&#8221;default&#8221;][et_pb_image src=&#8221;https:\/\/locationstudiosanarysurmer.fr\/wp-content\/uploads\/2021\/03\/N\u00b0-urgence.jpg&#8221; _builder_version=&#8221;4.9.0&#8243; _module_preset=&#8221;default&#8221;][\/et_pb_image][\/et_pb_column][\/et_pb_row][et_pb_row _builder_version=&#8221;4.9.2&#8243; _module_preset=&#8221;default&#8221;][et_pb_column type=&#8221;4_4&#8243; _builder_version=&#8221;4.9.0&#8243; _module_preset=&#8221;default&#8221;][et_pb_button button_url=&#8221;http:\/\/www.locationstudiosanarysurmer.fr&#8221; button_text=&#8221;Retour \u00e0 l&#8217;acceuil&#8221; button_text_tablet=&#8221;&#8221; button_text_phone=&#8221;&#8221; button_text_last_edited=&#8221;on|phone&#8221; _builder_version=&#8221;4.9.2&#8243; _module_preset=&#8221;default&#8221; custom_button=&#8221;on&#8221; button_text_size=&#8221;21px&#8221; button_text_color=&#8221;#FFFFFF&#8221; button_bg_color=&#8221;#7f7f7f&#8221; background_layout=&#8221;dark&#8221; animation_style=&#8221;flip&#8221; box_shadow_style=&#8221;preset4&#8243;][\/et_pb_button][\/et_pb_column][\/et_pb_row][\/et_pb_section][et_pb_section fb_built=&#8221;1&#8243; _builder_version=&#8221;4.9.2&#8243; _module_preset=&#8221;default&#8221; background_color=&#8221;#3d3d3d&#8221; custom_margin=&#8221;-6px||-50px||false|false&#8221; custom_padding=&#8221;0px||0px||false|false&#8221;][et_pb_row column_structure=&#8221;1_3,1_3,1_3&#8243; _builder_version=&#8221;4.9.2&#8243; _module_preset=&#8221;default&#8221; custom_margin=&#8221;-10px|auto|-69px|auto|false|false&#8221;][et_pb_column type=&#8221;1_3&#8243; _builder_version=&#8221;4.9.2&#8243; _module_preset=&#8221;default&#8221;][et_pb_text _builder_version=&#8221;4.9.2&#8243; _dynamic_attributes=&#8221;link_option_url&#8221; _module_preset=&#8221;default&#8221; text_font=&#8221;||on||||||&#8221; text_text_color=&#8221;#FFFFFF&#8221; text_font_size=&#8221;18px&#8221; custom_margin=&#8221;-3px||||false|false&#8221; link_option_url=&#8221;@ET-DC@eyJkeW5hbWljIjp0cnVlLCJjb250ZW50IjoicG9zdF9saW5rX3VybF9wYWdlIiwic2V0dGluZ3MiOnsicG9zdF9pZCI6IjkyMiJ9fQ==@&#8221;]<\/p>\n<p style=\"text-align: right;\">Mentions l\u00e9gales<\/p>\n<p>[\/et_pb_text][\/et_pb_column][et_pb_column type=&#8221;1_3&#8243; _builder_version=&#8221;4.9.2&#8243; _module_preset=&#8221;default&#8221;][et_pb_text _builder_version=&#8221;4.9.2&#8243; _dynamic_attributes=&#8221;link_option_url&#8221; _module_preset=&#8221;default&#8221; text_font=&#8221;||on||||||&#8221; text_text_color=&#8221;#FFFFFF&#8221; text_font_size=&#8221;18px&#8221; custom_margin=&#8221;-3px||||false|false&#8221; link_option_url=&#8221;@ET-DC@eyJkeW5hbWljIjp0cnVlLCJjb250ZW50IjoicG9zdF9saW5rX3VybF9wYWdlIiwic2V0dGluZ3MiOnsicG9zdF9pZCI6IjMifX0=@&#8221;]<\/p>\n<p>Politique de confidentialit\u00e9<\/p>\n<p>[\/et_pb_text][\/et_pb_column][et_pb_column type=&#8221;1_3&#8243; _builder_version=&#8221;4.9.2&#8243; _module_preset=&#8221;default&#8221;][et_pb_text _builder_version=&#8221;4.9.2&#8243; _module_preset=&#8221;default&#8221; text_font=&#8221;||on||||||&#8221; text_text_color=&#8221;#FFFFFF&#8221; text_font_size=&#8221;18px&#8221;]<\/p>\n<p style=\"text-align: left;\">Un site construit par <a href=\"mailto:guenardwebconstruction@gmail.com\">contact@guenardwebconstruction.fr<\/a><\/p>\n<p>&nbsp;<\/p>\n<p>[\/et_pb_text][\/et_pb_column][\/et_pb_row][\/et_pb_section]<\/p>\n","protected":false},"excerpt":{"rendered":"<p>[et_pb_section fb_built=&#8221;1&#8243; _builder_version=&#8221;4.9.0&#8243; _module_preset=&#8221;default&#8221; custom_padding=&#8221;||8px|||&#8221;][et_pb_row _builder_version=&#8221;4.9.0&#8243; _module_preset=&#8221;default&#8221; animation_style=&#8221;zoom&#8221; border_radii=&#8221;on|20px|20px|20px|20px&#8221; border_width_all=&#8221;4px&#8221; border_color_all=&#8221;#CCCCCC&#8221; box_shadow_style=&#8221;preset5&#8243;][et_pb_column type=&#8221;4_4&#8243; _builder_version=&#8221;4.9.0&#8243; _module_preset=&#8221;default&#8221;][et_pb_text content_tablet=&#8221;&#8221; content_phone=&#8221;&#8221; content_last_edited=&#8221;on|phone&#8221; _builder_version=&#8221;4.9.2&#8243; _module_preset=&#8221;default&#8221; text_font=&#8221;||on||||||&#8221; text_text_color=&#8221;#CCCCCC&#8221; text_font_size=&#8221;29px&#8221; text_orientation=&#8221;center&#8221; animation_style=&#8221;zoom&#8221; animation_duration=&#8221;2000ms&#8221; text_text_shadow_style=&#8221;preset4&#8243;] Pour vous aider [\/et_pb_text][\/et_pb_column][\/et_pb_row][\/et_pb_section][et_pb_section fb_built=&#8221;1&#8243; _builder_version=&#8221;4.9.0&#8243; _module_preset=&#8221;default&#8221; background_image=&#8221;https:\/\/locationstudiosanarysurmer.fr\/wp-content\/uploads\/2021\/03\/facebook_1615795742123_6777138544371609703.jpg&#8221;][et_pb_row column_structure=&#8221;1_2,1_2&#8243; _builder_version=&#8221;4.9.0&#8243; _module_preset=&#8221;default&#8221; animation_style=&#8221;zoom&#8221; border_radii=&#8221;on|30px|30px|30px|30px&#8221;][et_pb_column type=&#8221;1_2&#8243; _builder_version=&#8221;4.9.0&#8243; _module_preset=&#8221;default&#8221;][et_pb_button button_url=&#8221;http:\/\/www.locationstudiosanarysurmer.fr\/?page_id=708&#038;et_fb=1&#038;PageSpeed=off&#8221; button_text=&#8221;Livre d&#8217;or&#8221; button_text_tablet=&#8221;&#8221; button_text_phone=&#8221;&#8221; button_text_last_edited=&#8221;on|phone&#8221; _builder_version=&#8221;4.9.2&#8243; _module_preset=&#8221;default&#8221; custom_button=&#8221;on&#8221; button_text_size=&#8221;21px&#8221; button_text_color=&#8221;#FFFFFF&#8221; button_border_color=&#8221;#727272&#8243; [&hellip;]<\/p>\n","protected":false},"author":1,"featured_media":0,"parent":0,"menu_order":0,"comment_status":"closed","ping_status":"closed","template":"","meta":{"_et_pb_use_builder":"on","_et_pb_old_content":"","_et_gb_content_width":""},"yoast_head":"<!-- This site is optimized with the Yoast SEO plugin v16.0.2 - https:\/\/yoast.com\/wordpress\/plugins\/seo\/ -->\n<title>Location - Location studio Sanary Location studio Sanary<\/title>\n<link rel=\"canonical\" href=\"https:\/\/locationstudiosanarysurmer.fr\/?page_id=287\" \/>\n<meta property=\"og:locale\" content=\"fr_FR\" \/>\n<meta property=\"og:type\" content=\"article\" \/>\n<meta property=\"og:title\" content=\"Location - Location studio Sanary Location studio Sanary\" \/>\n<meta property=\"og:description\" content=\"[et_pb_section fb_built=&#8221;1&#8243; _builder_version=&#8221;4.9.0&#8243; _module_preset=&#8221;default&#8221; custom_padding=&#8221;||8px|||&#8221;][et_pb_row _builder_version=&#8221;4.9.0&#8243; _module_preset=&#8221;default&#8221; animation_style=&#8221;zoom&#8221; border_radii=&#8221;on|20px|20px|20px|20px&#8221; border_width_all=&#8221;4px&#8221; border_color_all=&#8221;#CCCCCC&#8221; box_shadow_style=&#8221;preset5&#8243;][et_pb_column type=&#8221;4_4&#8243; _builder_version=&#8221;4.9.0&#8243; _module_preset=&#8221;default&#8221;][et_pb_text content_tablet=&#8221;&#8221; content_phone=&#8221;&#8221; content_last_edited=&#8221;on|phone&#8221; _builder_version=&#8221;4.9.2&#8243; _module_preset=&#8221;default&#8221; text_font=&#8221;||on||||||&#8221; text_text_color=&#8221;#CCCCCC&#8221; text_font_size=&#8221;29px&#8221; text_orientation=&#8221;center&#8221; animation_style=&#8221;zoom&#8221; animation_duration=&#8221;2000ms&#8221; text_text_shadow_style=&#8221;preset4&#8243;] Pour vous aider [\/et_pb_text][\/et_pb_column][\/et_pb_row][\/et_pb_section][et_pb_section fb_built=&#8221;1&#8243; _builder_version=&#8221;4.9.0&#8243; _module_preset=&#8221;default&#8221; background_image=&#8221;https:\/\/locationstudiosanarysurmer.fr\/wp-content\/uploads\/2021\/03\/facebook_1615795742123_6777138544371609703.jpg&#8221;][et_pb_row column_structure=&#8221;1_2,1_2&#8243; _builder_version=&#8221;4.9.0&#8243; _module_preset=&#8221;default&#8221; animation_style=&#8221;zoom&#8221; border_radii=&#8221;on|30px|30px|30px|30px&#8221;][et_pb_column type=&#8221;1_2&#8243; _builder_version=&#8221;4.9.0&#8243; _module_preset=&#8221;default&#8221;][et_pb_button button_url=&#8221;http:\/\/www.locationstudiosanarysurmer.fr\/?page_id=708&#038;et_fb=1&#038;PageSpeed=off&#8221; button_text=&#8221;Livre d&#8217;or&#8221; button_text_tablet=&#8221;&#8221; button_text_phone=&#8221;&#8221; button_text_last_edited=&#8221;on|phone&#8221; _builder_version=&#8221;4.9.2&#8243; _module_preset=&#8221;default&#8221; custom_button=&#8221;on&#8221; button_text_size=&#8221;21px&#8221; button_text_color=&#8221;#FFFFFF&#8221; button_border_color=&#8221;#727272&#8243; [&hellip;]\" \/>\n<meta property=\"og:url\" content=\"https:\/\/locationstudiosanarysurmer.fr\/?page_id=287\" \/>\n<meta property=\"og:site_name\" content=\"Location studio Sanary\" \/>\n<meta property=\"article:modified_time\" content=\"2021-05-26T15:27:35+00:00\" \/>\n<meta name=\"twitter:card\" content=\"summary_large_image\" \/>\n<meta name=\"twitter:label1\" content=\"Dur\u00e9e de lecture est.\">\n\t<meta name=\"twitter:data1\" content=\"3 minutes\">\n<script type=\"application\/ld+json\" class=\"yoast-schema-graph\">{\"@context\":\"https:\/\/schema.org\",\"@graph\":[{\"@type\":\"WebSite\",\"@id\":\"https:\/\/locationstudiosanarysurmer.fr\/#website\",\"url\":\"https:\/\/locationstudiosanarysurmer.fr\/\",\"name\":\"Location studio Sanary\",\"description\":\"Location studio cabine pour 4 personnes\",\"potentialAction\":[{\"@type\":\"SearchAction\",\"target\":\"https:\/\/locationstudiosanarysurmer.fr\/?s={search_term_string}\",\"query-input\":\"required name=search_term_string\"}],\"inLanguage\":\"fr-FR\"},{\"@type\":\"WebPage\",\"@id\":\"https:\/\/locationstudiosanarysurmer.fr\/?page_id=287#webpage\",\"url\":\"https:\/\/locationstudiosanarysurmer.fr\/?page_id=287\",\"name\":\"Location - Location studio Sanary Location studio Sanary\",\"isPartOf\":{\"@id\":\"https:\/\/locationstudiosanarysurmer.fr\/#website\"},\"datePublished\":\"2021-03-12T15:22:28+00:00\",\"dateModified\":\"2021-05-26T15:27:35+00:00\",\"breadcrumb\":{\"@id\":\"https:\/\/locationstudiosanarysurmer.fr\/?page_id=287#breadcrumb\"},\"inLanguage\":\"fr-FR\",\"potentialAction\":[{\"@type\":\"ReadAction\",\"target\":[\"https:\/\/locationstudiosanarysurmer.fr\/?page_id=287\"]}]},{\"@type\":\"BreadcrumbList\",\"@id\":\"https:\/\/locationstudiosanarysurmer.fr\/?page_id=287#breadcrumb\",\"itemListElement\":[{\"@type\":\"ListItem\",\"position\":1,\"item\":{\"@type\":\"WebPage\",\"@id\":\"https:\/\/locationstudiosanarysurmer.fr\/\",\"url\":\"https:\/\/locationstudiosanarysurmer.fr\/\",\"name\":\"Accueil\"}},{\"@type\":\"ListItem\",\"position\":2,\"item\":{\"@type\":\"WebPage\",\"@id\":\"https:\/\/locationstudiosanarysurmer.fr\/?page_id=287\",\"url\":\"https:\/\/locationstudiosanarysurmer.fr\/?page_id=287\",\"name\":\"Informations utiles\"}}]}]}<\/script>\n<!-- \/ Yoast SEO plugin. -->","_links":{"self":[{"href":"https:\/\/locationstudiosanarysurmer.fr\/index.php?rest_route=\/wp\/v2\/pages\/287"}],"collection":[{"href":"https:\/\/locationstudiosanarysurmer.fr\/index.php?rest_route=\/wp\/v2\/pages"}],"about":[{"href":"https:\/\/locationstudiosanarysurmer.fr\/index.php?rest_route=\/wp\/v2\/types\/page"}],"author":[{"embeddable":true,"href":"https:\/\/locationstudiosanarysurmer.fr\/index.php?rest_route=\/wp\/v2\/users\/1"}],"replies":[{"embeddable":true,"href":"https:\/\/locationstudiosanarysurmer.fr\/index.php?rest_route=%2Fwp%2Fv2%2Fcomments&post=287"}],"version-history":[{"count":17,"href":"https:\/\/locationstudiosanarysurmer.fr\/index.php?rest_route=\/wp\/v2\/pages\/287\/revisions"}],"predecessor-version":[{"id":1198,"href":"https:\/\/locationstudiosanarysurmer.fr\/index.php?rest_route=\/wp\/v2\/pages\/287\/revisions\/1198"}],"wp:attachment":[{"href":"https:\/\/locationstudiosanarysurmer.fr\/index.php?rest_route=%2Fwp%2Fv2%2Fmedia&parent=287"}],"curies":[{"name":"wp","href":"https:\/\/api.w.org\/{rel}","templated":true}]}}