{"id":110,"date":"2021-03-07T12:23:22","date_gmt":"2021-03-07T11:23:22","guid":{"rendered":"https:\/\/locationstudiosanarysurmer.fr\/?page_id=110"},"modified":"2021-11-09T10:57:16","modified_gmt":"2021-11-09T09:57:16","slug":"acceuil-2","status":"publish","type":"page","link":"https:\/\/locationstudiosanarysurmer.fr\/","title":{"rendered":"Accueil"},"content":{"rendered":"<p>[et_pb_section fb_built=&#8221;1&#8243; next_background_color=&#8221;#ffffff&#8221; admin_label=&#8221;Hero Section&#8221; _builder_version=&#8221;4.9.0&#8243; use_background_color_gradient=&#8221;on&#8221; background_color_gradient_start=&#8221;rgba(0,0,0,0.4)&#8221; background_color_gradient_end=&#8221;rgba(0,0,0,0.4)&#8221; background_color_gradient_overlays_image=&#8221;on&#8221; background_image=&#8221;https:\/\/locationstudiosanarysurmer.fr\/wp-content\/uploads\/2021\/03\/Coucher-de-soleil.jpg&#8221; background_position=&#8221;center_right&#8221; width=&#8221;99%&#8221; height=&#8221;609px&#8221; custom_padding=&#8221;10%||16%|&#8221; bottom_divider_style=&#8221;slant&#8221; bottom_divider_height=&#8221;60px&#8221; background_color_gradient_direction__hover=&#8221;180deg&#8221; background_color_gradient_direction__hover_enabled=&#8221;180deg&#8221; background_color_gradient_start_position__hover=&#8221;0%&#8221; background_color_gradient_start_position__hover_enabled=&#8221;0%&#8221; background_color_gradient_end_position__hover=&#8221;100%&#8221; background_color_gradient_end_position__hover_enabled=&#8221;100%&#8221;][et_pb_row make_equal=&#8221;on&#8221; _builder_version=&#8221;4.9.2&#8243; width=&#8221;100%&#8221; max_width=&#8221;2560px&#8221; animation_style=&#8221;slide&#8221; animation_delay=&#8221;250ms&#8221;][et_pb_column type=&#8221;4_4&#8243; _builder_version=&#8221;3.25&#8243; custom_padding=&#8221;|||&#8221; custom_padding__hover=&#8221;|||&#8221;][et_pb_text admin_label=&#8221;Hero Section Title&#8221; _builder_version=&#8221;4.9.2&#8243; text_font=&#8221;|||on|||||&#8221; text_font_size=&#8221;1px&#8221; text_line_height=&#8221;1.4em&#8221; header_font=&#8221;Montserrat|600|||||||&#8221; header_font_size=&#8221;51px&#8221; header_letter_spacing=&#8221;3px&#8221; header_line_height=&#8221;1.3em&#8221; header_2_font=&#8221;Montserrat|700|||||||&#8221; header_2_text_color=&#8221;rgba(255,255,255,0.6)&#8221; header_2_font_size=&#8221;90px&#8221; header_2_letter_spacing=&#8221;3px&#8221; header_2_line_height=&#8221;1.1em&#8221; text_orientation=&#8221;center&#8221; background_layout=&#8221;dark&#8221; width=&#8221;100%&#8221; module_alignment=&#8221;center&#8221; custom_margin=&#8221;||0px||false|false&#8221; custom_padding=&#8221;||0px|||&#8221; animation_style=&#8221;slide&#8221; animation_direction=&#8221;bottom&#8221; animation_intensity_slide=&#8221;5%&#8221; header_font_tablet=&#8221;&#8221; header_font_phone=&#8221;Montserrat||||||||&#8221; header_font_last_edited=&#8221;on|phone&#8221; header_font_size_tablet=&#8221;&#8221; header_font_size_phone=&#8221;28px&#8221; header_font_size_last_edited=&#8221;on|phone&#8221; header_2_font_size_tablet=&#8221;&#8221; header_2_font_size_phone=&#8221;50px&#8221; header_2_font_size_last_edited=&#8221;on|phone&#8221;]<\/p>\n<h2>Bien<strong>v<\/strong>enue \u00e0 Sanary<\/h2>\n<h1><strong>le vallon du roy<\/strong><\/h1>\n<p><span style=\"font-size: x-large;\">residence vacances***<\/span><\/p>\n<p>[\/et_pb_text][\/et_pb_column][\/et_pb_row][\/et_pb_section][et_pb_section fb_built=&#8221;1&#8243; _builder_version=&#8221;4.9.2&#8243; _module_preset=&#8221;default&#8221;][et_pb_row column_structure=&#8221;1_2,1_2&#8243; _builder_version=&#8221;4.9.2&#8243; _module_preset=&#8221;default&#8221;][et_pb_column type=&#8221;1_2&#8243; _builder_version=&#8221;4.9.2&#8243; _module_preset=&#8221;default&#8221;][et_pb_text disabled_on=&#8221;off|on|on&#8221; _builder_version=&#8221;4.9.2&#8243; _module_preset=&#8221;default&#8221;]<\/p>\n<p>INFORMATION: Vous \u00eates en visuel Smartphone, ce site est optimis\u00e9 sur ordinateur.<\/p>\n<p>[\/et_pb_text][\/et_pb_column][et_pb_column type=&#8221;1_2&#8243; _builder_version=&#8221;4.9.2&#8243; _module_preset=&#8221;default&#8221;][et_pb_text content_tablet=&#8221;&#8221; content_phone=&#8221;&#8221; content_last_edited=&#8221;on|tablet&#8221; disabled_on=&#8221;on|off|on&#8221; _builder_version=&#8221;4.9.2&#8243; _module_preset=&#8221;default&#8221;]<\/p>\n<p>INFORMATION: Vous \u00eates en visuel Tablette, ce site est optimis\u00e9 sur ordinateur<\/p>\n<p>[\/et_pb_text][\/et_pb_column][\/et_pb_row][\/et_pb_section][et_pb_section fb_built=&#8221;1&#8243; admin_label=&#8221;About Section&#8221; _builder_version=&#8221;4.9.0&#8243; background_color=&#8221;#f7f7f7&#8243; width=&#8221;100%&#8221; module_alignment=&#8221;center&#8221; custom_padding=&#8221;0px||0px||true|false&#8221;][et_pb_row admin_label=&#8221;Section Title&#8221; _builder_version=&#8221;3.25&#8243; custom_margin=&#8221;|||&#8221; custom_padding=&#8221;27px|0px|27px|0px&#8221; locked=&#8221;off&#8221;][et_pb_column type=&#8221;4_4&#8243; _builder_version=&#8221;3.25&#8243; custom_padding=&#8221;|||&#8221; custom_padding__hover=&#8221;|||&#8221;][et_pb_text admin_label=&#8221;Title&#8221; _builder_version=&#8221;4.9.2&#8243; text_font=&#8221;||||||||&#8221; text_text_color=&#8221;#d8d8d8&#8243; text_font_size=&#8221;8px&#8221; text_line_height=&#8221;1.4em&#8221; header_font=&#8221;||||||||&#8221; header_2_font=&#8221;Montserrat|600||on|||||&#8221; header_2_text_align=&#8221;center&#8221; header_2_font_size=&#8221;30px&#8221; background_color=&#8221;#939393&#8243; width=&#8221;100%&#8221; max_width=&#8221;100%&#8221; custom_margin=&#8221;||5px|&#8221; custom_padding=&#8221;|||0px||&#8221; animation_style=&#8221;bounce&#8221; animation_direction=&#8221;top&#8221; animation_duration=&#8221;1700ms&#8221; animation_delay=&#8221;850ms&#8221; animation_starting_opacity=&#8221;49%&#8221; text_text_shadow_style=&#8221;preset3&#8243; text_text_shadow_blur_strength=&#8221;1.1em&#8221; border_radii=&#8221;on|20px|20px|20px|20px&#8221;]<\/p>\n<h1 style=\"text-align: center;\">Location de studio-Cabine, Climatis\u00e9,tout confort pour 4 personnes \u00e0 Sanary-sur-mer<\/h1>\n<p>[\/et_pb_text][et_pb_divider show_divider=&#8221;off&#8221; _builder_version=&#8221;3.2&#8243; max_width=&#8221;23px&#8221; module_alignment=&#8221;center&#8221; animation_style=&#8221;slide&#8221; animation_direction=&#8221;top&#8221; animation_intensity_slide=&#8221;20%&#8221; animation_starting_opacity=&#8221;100%&#8221;][\/et_pb_divider][et_pb_text content_tablet=&#8221;&#8221; content_phone=&#8221;&#8221; content_last_edited=&#8221;on|phone&#8221; admin_label=&#8221;Title&#8221; _builder_version=&#8221;4.9.2&#8243; text_font=&#8221;Montserrat|300|||||||&#8221; text_text_color=&#8221;#878787&#8243; text_line_height=&#8221;3em&#8221; link_font=&#8221;||||on|||#f46624|&#8221; link_text_color=&#8221;#333333&#8243; header_font=&#8221;||||||||&#8221; header_letter_spacing=&#8221;15px&#8221; header_line_height=&#8221;1.5em&#8221; header_2_font=&#8221;Montserrat|600||on|||||&#8221; header_2_text_align=&#8221;center&#8221; header_2_font_size=&#8221;30px&#8221; text_orientation=&#8221;center&#8221; width=&#8221;100%&#8221; max_width=&#8221;800px&#8221; module_alignment=&#8221;center&#8221; custom_margin=&#8221;|1px||1px|false|true&#8221; custom_padding=&#8221;|0px||0px|false|true&#8221; animation_style=&#8221;slide&#8221; animation_direction=&#8221;top&#8221; animation_intensity_slide=&#8221;20%&#8221; animation_starting_opacity=&#8221;100%&#8221;]<\/p>\n<ul>\n<li style=\"text-align: justify;\"><em>Piscine, pateaugeoire, Terrain de tennis, P\u00e9tanque, Parc arbor\u00e9, jeux d&#8217;enfants, terrain multi-sports.<\/em><\/li>\n<\/ul>\n<p><em><\/em><\/p>\n<ul>\n<li style=\"text-align: justify;\"><em>Acc\u00e9s direct \u00e0 la plage par chemin privatif et tunnels ( 8mn \u00e0 pied) sans route \u00e0 traverser.<\/em><\/li>\n<\/ul>\n<p>[\/et_pb_text][et_pb_text content_tablet=&#8221;&#8221; content_phone=&#8221;&#8221; content_last_edited=&#8221;on|phone&#8221; _builder_version=&#8221;4.9.2&#8243; _module_preset=&#8221;default&#8221; text_font=&#8221;||on||||||&#8221; text_text_color=&#8221;#515151&#8243; text_font_size=&#8221;35px&#8221; animation_style=&#8221;zoom&#8221; text_text_shadow_style=&#8221;preset4&#8243;]<\/p>\n<p>Commencez la visite ci dessous&#8230;<\/p>\n<p>[\/et_pb_text][\/et_pb_column][\/et_pb_row][\/et_pb_section][et_pb_section fb_built=&#8221;1&#8243; _builder_version=&#8221;4.9.0&#8243; _module_preset=&#8221;default&#8221; background_color=&#8221;#adadad&#8221;][et_pb_row column_structure=&#8221;1_3,1_3,1_3&#8243; _builder_version=&#8221;4.9.0&#8243; _module_preset=&#8221;default&#8221; border_color_all=&#8221;#CCCCCC&#8221;][et_pb_column type=&#8221;1_3&#8243; _builder_version=&#8221;4.9.0&#8243; _module_preset=&#8221;default&#8221;][et_pb_image src=&#8221;https:\/\/locationstudiosanarysurmer.fr\/wp-content\/uploads\/2021\/03\/IMG_20200630_140436-scaled.jpg&#8221; title_text=&#8221;Sant\u00e9 &#8211; Cheers &#8211; Prost&#8221; _builder_version=&#8221;4.9.0&#8243; _module_preset=&#8221;default&#8221; border_radii=&#8221;off||||150px&#8221; border_width_all=&#8221;5px&#8221;][\/et_pb_image][et_pb_button button_url=&#8221;https:\/\/locationstudiosanarysurmer.fr\/?page_id=440&#038;et_fb=1&#038;PageSpeed=off&#8221; button_text=&#8221;Cliquer pour visiter le studio&#8221; button_alignment=&#8221;center&#8221; _builder_version=&#8221;4.9.0&#8243; _module_preset=&#8221;default&#8221; custom_button=&#8221;on&#8221; button_text_size=&#8221;36px&#8221; button_text_color=&#8221;#FFFFFF&#8221; button_border_color=&#8221;#FFFFFF&#8221; button_font=&#8221;||on||||||&#8221; background_layout=&#8221;dark&#8221; animation_style=&#8221;roll&#8221; box_shadow_style=&#8221;preset4&#8243;][\/et_pb_button][\/et_pb_column][et_pb_column type=&#8221;1_3&#8243; _builder_version=&#8221;4.9.0&#8243; _module_preset=&#8221;default&#8221;][\/et_pb_column][et_pb_column type=&#8221;1_3&#8243; _builder_version=&#8221;4.9.0&#8243; _module_preset=&#8221;default&#8221;][et_pb_image src=&#8221;https:\/\/locationstudiosanarysurmer.fr\/wp-content\/uploads\/2021\/11\/IMG_1242-002-scaled.jpg&#8221; title_text=&#8221;IMG_1242 (002)&#8221; _builder_version=&#8221;4.9.2&#8243; _module_preset=&#8221;default&#8221; hover_enabled=&#8221;0&#8243; border_radii=&#8221;off||150px||&#8221; border_width_all=&#8221;5px&#8221; sticky_enabled=&#8221;0&#8243;][\/et_pb_image][et_pb_button button_url=&#8221;https:\/\/www.locationstudiosanarysurmer.fr\/?page_id=544&#038;et_fb=1&#038;PageSpeed=off&#8221; button_text=&#8221;Cliquer pour visiter la r\u00e9sidence&#8221; _builder_version=&#8221;4.9.0&#8243; _module_preset=&#8221;default&#8221; custom_button=&#8221;on&#8221; button_text_size=&#8221;36px&#8221; button_text_color=&#8221;#CCCCCC&#8221; button_border_color=&#8221;#FFFFFF&#8221; button_font=&#8221;||on||||||&#8221; animation_style=&#8221;roll&#8221; button_text_shadow_style=&#8221;preset4&#8243; button_text_shadow_color=&#8221;#FFFFFF&#8221; box_shadow_style=&#8221;preset4&#8243;][\/et_pb_button][\/et_pb_column][\/et_pb_row][\/et_pb_section][et_pb_section fb_built=&#8221;1&#8243; _builder_version=&#8221;4.9.0&#8243; _module_preset=&#8221;default&#8221;][et_pb_row column_structure=&#8221;1_3,1_3,1_3&#8243; _builder_version=&#8221;4.9.0&#8243; _module_preset=&#8221;default&#8221;][et_pb_column type=&#8221;1_3&#8243; _builder_version=&#8221;4.9.0&#8243; _module_preset=&#8221;default&#8221;][et_pb_image src=&#8221;https:\/\/locationstudiosanarysurmer.fr\/wp-content\/uploads\/2021\/03\/cropped-cropped-IMG_20200701_213711-scaled-1.jpg&#8221; alt=&#8221;Location studio Sanary &#8211; Sanary&#8221; title_text=&#8221;Sanary sur mer&#8221; _builder_version=&#8221;4.9.0&#8243; _module_preset=&#8221;default&#8221; border_radii=&#8221;off||||300px&#8221; border_width_all=&#8221;4px&#8221; border_color_all=&#8221;#CCCCCC&#8221; box_shadow_style=&#8221;preset4&#8243;][\/et_pb_image][\/et_pb_column][et_pb_column type=&#8221;1_3&#8243; _builder_version=&#8221;4.9.0&#8243; _module_preset=&#8221;default&#8221;][et_pb_image src=&#8221;https:\/\/locationstudiosanarysurmer.fr\/wp-content\/uploads\/2021\/03\/IMG_8287-scaled.jpg&#8221; title_text=&#8221;IMG_8287&#8243; _builder_version=&#8221;4.9.2&#8243; _module_preset=&#8221;default&#8221; width_phone=&#8221;17%&#8221; width_last_edited=&#8221;off|phone&#8221; border_radii=&#8221;on|20px|20px|20px|20px&#8221; border_width_all=&#8221;4px&#8221; border_color_all=&#8221;#CCCCCC&#8221; box_shadow_style=&#8221;preset4&#8243;][\/et_pb_image][\/et_pb_column][et_pb_column type=&#8221;1_3&#8243; _builder_version=&#8221;4.9.0&#8243; _module_preset=&#8221;default&#8221;][et_pb_image src=&#8221;https:\/\/locationstudiosanarysurmer.fr\/wp-content\/uploads\/2021\/05\/IMG_7834.png&#8221; alt=&#8221;Location studio Sanary &#8211; mer&#8221; title_text=&#8221;IMG_7834&#8243; _builder_version=&#8221;4.9.2&#8243; _module_preset=&#8221;default&#8221; height=&#8221;503px&#8221; border_radii=&#8221;off||200px||&#8221; border_width_all=&#8221;4px&#8221; border_color_all=&#8221;#CCCCCC&#8221; box_shadow_style=&#8221;preset4&#8243;][\/et_pb_image][\/et_pb_column][\/et_pb_row][et_pb_row _builder_version=&#8221;4.9.0&#8243; _module_preset=&#8221;default&#8221;][et_pb_column type=&#8221;4_4&#8243; _builder_version=&#8221;4.9.0&#8243; _module_preset=&#8221;default&#8221;][et_pb_button button_url=&#8221;http:\/\/www.locationstudiosanarysurmer.fr\/?page_id=583&#038;et_fb=1&#038;PageSpeed=off&#8221; button_text=&#8221;Cliquer pour visiter la r\u00e9gion &#8230;&#8221; button_alignment=&#8221;center&#8221; _builder_version=&#8221;4.9.0&#8243; _module_preset=&#8221;default&#8221; custom_button=&#8221;on&#8221; button_text_size=&#8221;36px&#8221; button_text_color=&#8221;#FFFFFF&#8221; button_bg_color=&#8221;#c4c4c4&#8243; button_border_width=&#8221;2px&#8221; button_border_color=&#8221;#FFFFFF&#8221; button_border_radius=&#8221;7px&#8221; button_font=&#8221;||on||||||&#8221; custom_margin=&#8221;50px||||false|false&#8221; custom_padding=&#8221;50px||50px||true|false&#8221; animation_style=&#8221;roll&#8221; button_text_shadow_style=&#8221;preset2&#8243; box_shadow_style=&#8221;preset4&#8243;][\/et_pb_button][\/et_pb_column][\/et_pb_row][\/et_pb_section][et_pb_section fb_built=&#8221;1&#8243; prev_background_color=&#8221;#ffffff&#8221; _builder_version=&#8221;4.9.0&#8243; _module_preset=&#8221;default&#8221; background_image=&#8221;https:\/\/locationstudiosanarysurmer.fr\/wp-content\/uploads\/2021\/03\/IMG_8302-scaled.jpg&#8221; min_height=&#8221;436.6px&#8221; custom_margin=&#8221;0px||49px||false|false&#8221; custom_padding=&#8221;54px|20px|100px|200px|false|false&#8221; top_divider_style=&#8221;slant&#8221;][\/et_pb_section][et_pb_section fb_built=&#8221;1&#8243; _builder_version=&#8221;4.9.2&#8243; _module_preset=&#8221;default&#8221; background_color=&#8221;#3d3d3d&#8221; custom_margin=&#8221;-6px||-50px||false|false&#8221; custom_padding=&#8221;10px||0px||false|false&#8221;][et_pb_row column_structure=&#8221;1_3,1_3,1_3&#8243; _builder_version=&#8221;4.9.2&#8243; _module_preset=&#8221;default&#8221; custom_margin=&#8221;0px||0px||false|false&#8221; custom_padding=&#8221;0px||||false|false&#8221;][et_pb_column type=&#8221;1_3&#8243; _builder_version=&#8221;4.9.2&#8243; _module_preset=&#8221;default&#8221;][et_pb_text _builder_version=&#8221;4.9.2&#8243; _dynamic_attributes=&#8221;link_option_url&#8221; _module_preset=&#8221;default&#8221; text_font=&#8221;||on||||||&#8221; text_text_color=&#8221;#FFFFFF&#8221; text_font_size=&#8221;18px&#8221; custom_margin=&#8221;3px||||false|false&#8221; custom_padding=&#8221;0px||0px||false|false&#8221; link_option_url=&#8221;@ET-DC@eyJkeW5hbWljIjp0cnVlLCJjb250ZW50IjoicG9zdF9saW5rX3VybF9wYWdlIiwic2V0dGluZ3MiOnsicG9zdF9pZCI6IjkyMiJ9fQ==@&#8221;]<\/p>\n<p style=\"text-align: right;\">Mentions l\u00e9gales<\/p>\n<p>[\/et_pb_text][\/et_pb_column][et_pb_column type=&#8221;1_3&#8243; _builder_version=&#8221;4.9.2&#8243; _module_preset=&#8221;default&#8221;][et_pb_text _builder_version=&#8221;4.9.2&#8243; _dynamic_attributes=&#8221;link_option_url&#8221; _module_preset=&#8221;default&#8221; text_font=&#8221;||on||||||&#8221; text_text_color=&#8221;#FFFFFF&#8221; text_font_size=&#8221;18px&#8221; link_option_url=&#8221;@ET-DC@eyJkeW5hbWljIjp0cnVlLCJjb250ZW50IjoicG9zdF9saW5rX3VybF9wYWdlIiwic2V0dGluZ3MiOnsicG9zdF9pZCI6IjMifX0=@&#8221;]<\/p>\n<p style=\"text-align: center;\">Politique de confidentialit\u00e9<\/p>\n<p>[\/et_pb_text][\/et_pb_column][et_pb_column type=&#8221;1_3&#8243; _builder_version=&#8221;4.9.2&#8243; _module_preset=&#8221;default&#8221;][et_pb_text _builder_version=&#8221;4.9.2&#8243; _module_preset=&#8221;default&#8221; text_font=&#8221;||on||||||&#8221; text_text_color=&#8221;#FFFFFF&#8221; text_font_size=&#8221;18px&#8221;]<\/p>\n<p style=\"text-align: left;\">Un site construit par <a href=\"mailto:contact@guenardwebconstruction.fr\">contact@guenardwebconstruction.fr<\/a><\/p>\n<p style=\"text-align: left;\">\n<p style=\"text-align: left;\">[\/et_pb_text][\/et_pb_column][\/et_pb_row][\/et_pb_section]<\/p>\n","protected":false},"excerpt":{"rendered":"<p>[et_pb_section fb_built=&#8221;1&#8243; next_background_color=&#8221;#ffffff&#8221; admin_label=&#8221;Hero Section&#8221; _builder_version=&#8221;4.9.0&#8243; use_background_color_gradient=&#8221;on&#8221; background_color_gradient_start=&#8221;rgba(0,0,0,0.4)&#8221; background_color_gradient_end=&#8221;rgba(0,0,0,0.4)&#8221; background_color_gradient_overlays_image=&#8221;on&#8221; background_image=&#8221;https:\/\/locationstudiosanarysurmer.fr\/wp-content\/uploads\/2021\/03\/Coucher-de-soleil.jpg&#8221; background_position=&#8221;center_right&#8221; width=&#8221;99%&#8221; height=&#8221;609px&#8221; custom_padding=&#8221;10%||16%|&#8221; bottom_divider_style=&#8221;slant&#8221; bottom_divider_height=&#8221;60px&#8221; background_color_gradient_direction__hover=&#8221;180deg&#8221; background_color_gradient_direction__hover_enabled=&#8221;180deg&#8221; background_color_gradient_start_position__hover=&#8221;0%&#8221; background_color_gradient_start_position__hover_enabled=&#8221;0%&#8221; background_color_gradient_end_position__hover=&#8221;100%&#8221; background_color_gradient_end_position__hover_enabled=&#8221;100%&#8221;][et_pb_row make_equal=&#8221;on&#8221; _builder_version=&#8221;4.9.2&#8243; width=&#8221;100%&#8221; max_width=&#8221;2560px&#8221; animation_style=&#8221;slide&#8221; animation_delay=&#8221;250ms&#8221;][et_pb_column type=&#8221;4_4&#8243; _builder_version=&#8221;3.25&#8243; custom_padding=&#8221;|||&#8221; custom_padding__hover=&#8221;|||&#8221;][et_pb_text admin_label=&#8221;Hero Section Title&#8221; _builder_version=&#8221;4.9.2&#8243; text_font=&#8221;|||on|||||&#8221; text_font_size=&#8221;1px&#8221; text_line_height=&#8221;1.4em&#8221; header_font=&#8221;Montserrat|600|||||||&#8221; header_font_size=&#8221;51px&#8221; header_letter_spacing=&#8221;3px&#8221; header_line_height=&#8221;1.3em&#8221; header_2_font=&#8221;Montserrat|700|||||||&#8221; header_2_text_color=&#8221;rgba(255,255,255,0.6)&#8221; header_2_font_size=&#8221;90px&#8221; header_2_letter_spacing=&#8221;3px&#8221; header_2_line_height=&#8221;1.1em&#8221; text_orientation=&#8221;center&#8221; background_layout=&#8221;dark&#8221; width=&#8221;100%&#8221; module_alignment=&#8221;center&#8221; custom_margin=&#8221;||0px||false|false&#8221; custom_padding=&#8221;||0px|||&#8221; [&hellip;]<\/p>\n","protected":false},"author":1,"featured_media":0,"parent":0,"menu_order":0,"comment_status":"closed","ping_status":"closed","template":"","meta":{"_et_pb_use_builder":"on","_et_pb_old_content":"","_et_gb_content_width":""},"yoast_head":"<!-- This site is optimized with the Yoast SEO plugin v16.0.2 - https:\/\/yoast.com\/wordpress\/plugins\/seo\/ -->\n<title>Location - Location studio Sanary location studio \u00e0 Sanary<\/title>\n<meta name=\"description\" content=\"Location studio \u00e9quip\u00e9 pour 4 personnes. Climatis\u00e9, Piscine, parking privatif, acc\u00e8s direct mer, restauration sur place, commerces a proximit\u00e9\" \/>\n<link rel=\"canonical\" href=\"https:\/\/locationstudiosanarysurmer.fr\/\" \/>\n<meta property=\"og:locale\" content=\"fr_FR\" \/>\n<meta property=\"og:type\" content=\"article\" \/>\n<meta property=\"og:title\" content=\"Location - Location studio Sanary location studio \u00e0 Sanary\" \/>\n<meta property=\"og:description\" content=\"Location studio \u00e9quip\u00e9 pour 4 personnes. Climatis\u00e9, Piscine, parking privatif, acc\u00e8s direct mer, restauration sur place, commerces a proximit\u00e9\" \/>\n<meta property=\"og:url\" content=\"https:\/\/locationstudiosanarysurmer.fr\/\" \/>\n<meta property=\"og:site_name\" content=\"Location studio Sanary\" \/>\n<meta property=\"article:modified_time\" content=\"2021-11-09T09:57:16+00:00\" \/>\n<meta name=\"twitter:card\" content=\"summary_large_image\" \/>\n<meta name=\"twitter:label1\" content=\"Dur\u00e9e de lecture est.\">\n\t<meta name=\"twitter:data1\" content=\"3 minutes\">\n<script type=\"application\/ld+json\" class=\"yoast-schema-graph\">{\"@context\":\"https:\/\/schema.org\",\"@graph\":[{\"@type\":\"WebSite\",\"@id\":\"https:\/\/locationstudiosanarysurmer.fr\/#website\",\"url\":\"https:\/\/locationstudiosanarysurmer.fr\/\",\"name\":\"Location studio Sanary\",\"description\":\"Location studio cabine pour 4 personnes\",\"potentialAction\":[{\"@type\":\"SearchAction\",\"target\":\"https:\/\/locationstudiosanarysurmer.fr\/?s={search_term_string}\",\"query-input\":\"required name=search_term_string\"}],\"inLanguage\":\"fr-FR\"},{\"@type\":\"WebPage\",\"@id\":\"https:\/\/locationstudiosanarysurmer.fr\/#webpage\",\"url\":\"https:\/\/locationstudiosanarysurmer.fr\/\",\"name\":\"Location - Location studio Sanary location studio \\u00e0 Sanary\",\"isPartOf\":{\"@id\":\"https:\/\/locationstudiosanarysurmer.fr\/#website\"},\"datePublished\":\"2021-03-07T11:23:22+00:00\",\"dateModified\":\"2021-11-09T09:57:16+00:00\",\"description\":\"Location studio \\u00e9quip\\u00e9 pour 4 personnes. Climatis\\u00e9, Piscine, parking privatif, acc\\u00e8s direct mer, restauration sur place, commerces a proximit\\u00e9\",\"breadcrumb\":{\"@id\":\"https:\/\/locationstudiosanarysurmer.fr\/#breadcrumb\"},\"inLanguage\":\"fr-FR\",\"potentialAction\":[{\"@type\":\"ReadAction\",\"target\":[\"https:\/\/locationstudiosanarysurmer.fr\/\"]}]},{\"@type\":\"BreadcrumbList\",\"@id\":\"https:\/\/locationstudiosanarysurmer.fr\/#breadcrumb\",\"itemListElement\":[{\"@type\":\"ListItem\",\"position\":1,\"item\":{\"@type\":\"WebPage\",\"@id\":\"https:\/\/locationstudiosanarysurmer.fr\/\",\"url\":\"https:\/\/locationstudiosanarysurmer.fr\/\",\"name\":\"Accueil\"}},{\"@type\":\"ListItem\",\"position\":2,\"item\":{\"@type\":\"WebPage\",\"@id\":\"https:\/\/locationstudiosanarysurmer.fr\/\",\"url\":\"https:\/\/locationstudiosanarysurmer.fr\/\",\"name\":\"Accueil\"}}]}]}<\/script>\n<!-- \/ Yoast SEO plugin. -->","_links":{"self":[{"href":"https:\/\/locationstudiosanarysurmer.fr\/index.php?rest_route=\/wp\/v2\/pages\/110"}],"collection":[{"href":"https:\/\/locationstudiosanarysurmer.fr\/index.php?rest_route=\/wp\/v2\/pages"}],"about":[{"href":"https:\/\/locationstudiosanarysurmer.fr\/index.php?rest_route=\/wp\/v2\/types\/page"}],"author":[{"embeddable":true,"href":"https:\/\/locationstudiosanarysurmer.fr\/index.php?rest_route=\/wp\/v2\/users\/1"}],"replies":[{"embeddable":true,"href":"https:\/\/locationstudiosanarysurmer.fr\/index.php?rest_route=%2Fwp%2Fv2%2Fcomments&post=110"}],"version-history":[{"count":24,"href":"https:\/\/locationstudiosanarysurmer.fr\/index.php?rest_route=\/wp\/v2\/pages\/110\/revisions"}],"predecessor-version":[{"id":1306,"href":"https:\/\/locationstudiosanarysurmer.fr\/index.php?rest_route=\/wp\/v2\/pages\/110\/revisions\/1306"}],"wp:attachment":[{"href":"https:\/\/locationstudiosanarysurmer.fr\/index.php?rest_route=%2Fwp%2Fv2%2Fmedia&parent=110"}],"curies":[{"name":"wp","href":"https:\/\/api.w.org\/{rel}","templated":true}]}}